{"id":1306,"date":"2025-09-07T18:58:57","date_gmt":"2025-09-07T16:58:57","guid":{"rendered":"https:\/\/www.bestlaser.pl\/?page_id=1306"},"modified":"2025-09-07T18:58:57","modified_gmt":"2025-09-07T16:58:57","slug":"o-nas","status":"publish","type":"page","link":"https:\/\/www.bestlaser.pl\/index.php\/o-nas\/","title":{"rendered":"O nas"},"content":{"rendered":"<h1 class=\"woocommerce-products-header__title page-title\">\u201dBEST \u2013 LASER\u201d najlepsze z najlepszych<\/h1>\n<div class=\"page-description\">\n<p>&nbsp;<\/p>\n<p><strong>BEST-LASER<\/strong>\u00a0to sp\u00f3\u0142ka handlowa powsta\u0142a w 2015 roku \u00a0w celu promowania skutecznych i niezawodnych urz\u0105dze\u0144 dla kosmetologii i medycyny estetycznej. Na europejskim runku BEAUTY jest bardzo du\u017co urz\u0105dze\u0144 o niskiej jako\u015bci, kt\u00f3re nie spe\u0142niaj\u0105 wymaga\u0144 europejskich norm, przez co mog\u0105 by\u0107 niebezpieczne w u\u017cyciu. Naszym celem jest promowanie tych urz\u0105dze\u0144, kt\u00f3re posiadaj\u0105 europejskie certyfikaty jako\u015bci i gwarantuj\u0105 wykonanie skutecznych i bezpiecznych zabieg\u00f3w. Dla potwierdzenia wysokiej jako\u015bci tych urz\u0105dze\u0144, kt\u00f3re zosta\u0142y przetestowane w naszym Centrum Szkoleniowym, wystawiamy Certyfikat Jako\u015bci i Bezpiecze\u0144stwa, kt\u00f3ry mo\u017cna okaza\u0107 swoim klientom.<\/p>\n<p>W naszej ofercie znajduj\u0105 si\u0119 najskuteczniejsze urz\u0105dzenia kosmetyczne: LASERY FRAKCYJNE CO2, LASER TULOWY, LASERY DIODOWE 3D i 4D, LASERY ND:YAG PIKOSEKUNDOWE, LASERY NACZYNIOWE, E-LASERY DPL oraz urz\u0105dzenia: RADIOFREKWENCJA MIKROIG\u0141OWA, RADIOFREKWENCJA \u00a0THERMOCOOL i THERMAGE.<\/p>\n<p>Gwarantujemy wysok\u0105 jako\u015b\u0107 wszystkich naszych produkt\u00f3w oraz wsparcie serwisowe. Stawiamy przede wszystkim na jako\u015b\u0107. Dok\u0142adamy wszelkich stara\u0144, by ka\u017cdy z naszych klient\u00f3w by\u0142 zadowolony. Do\u015bwiadczenie oraz wiedza zdobywana na przestrzeni wielu lat pozwoli\u0142y nam zaprezentowa\u0107 skuteczne i niezawodne urz\u0105dzenia do wykonywania bezpiecznych zabieg\u00f3w kosmetycznych. Wszystkie nasze urz\u0105dzenia s\u0105 certyfikowane, udzielamy gwarancj\u0119 na 24 m-ce i zapewniamy mobilny serwis. Gwarantujemy serwis pogwarancyjny w d\u0142ugim okresie u\u017cytkowania.\u00a0\u00a0 W cenie urz\u0105dze\u0144 otrzymasz profesjonalne szkolenie zawodowe, kt\u00f3re gwarantuje przestrzeganie wysokich standard\u00f3w i wdro\u017cenie innowacyjnych metod zabiegowych. Posiadamy wiedz\u0119 i uprawnienia do przeprowadzania szkole\u0144 w zakresie oferowanych terapii. Szkolenia w naszym centrum szkoleniowym przeprowadza mgr kosmetologii, kt\u00f3ra w swojej pracy wykorzystuje najnowsze osi\u0105gni\u0119cia medycyny estetycznej.<\/p>\n<p>Wystawiamy CERTYFIKATY BEZPIECZE\u0143STWA I SKUTECZNO\u015aCI WYKONYWANYCH ZABIEG\u00d3W, kt\u00f3re mog\u0105 by\u0107 wystawione w pa\u0144stwa gabinecie do wgl\u0105du waszych klient\u00f3w.<\/p>\n<\/div>\n","protected":false},"excerpt":{"rendered":"<p>\u201dBEST \u2013 LASER\u201d najlepsze z najlepszych &nbsp; BEST-LASER\u00a0to sp\u00f3\u0142ka handlowa powsta\u0142a w 2015 roku \u00a0w celu promowania skutecznych i niezawodnych urz\u0105dze\u0144 dla kosmetologii i medycyny estetycznej. Na europejskim runku BEAUTY jest bardzo du\u017co urz\u0105dze\u0144 o niskiej jako\u015bci, kt\u00f3re nie spe\u0142niaj\u0105 wymaga\u0144 europejskich norm, przez co mog\u0105 by\u0107 niebezpieczne w u\u017cyciu. Naszym celem jest promowanie tych urz\u0105dze\u0144, kt\u00f3re posiadaj\u0105 europejskie certyfikaty jako\u015bci i gwarantuj\u0105 wykonanie skutecznych i bezpiecznych zabieg\u00f3w. Dla potwierdzenia wysokiej jako\u015bci tych urz\u0105dze\u0144, kt\u00f3re zosta\u0142y przetestowane w naszym Centrum Szkoleniowym, wystawiamy Certyfikat Jako\u015bci i Bezpiecze\u0144stwa, kt\u00f3ry mo\u017cna okaza\u0107 swoim klientom. W naszej ofercie znajduj\u0105 si\u0119 najskuteczniejsze urz\u0105dzenia kosmetyczne: LASERY FRAKCYJNE CO2, LASER TULOWY, LASERY DIODOWE 3D i 4D, LASERY ND:YAG PIKOSEKUNDOWE, LASERY NACZYNIOWE, E-LASERY DPL oraz urz\u0105dzenia: RADIOFREKWENCJA MIKROIG\u0141OWA, RADIOFREKWENCJA \u00a0THERMOCOOL i THERMAGE. Gwarantujemy wysok\u0105 jako\u015b\u0107 wszystkich naszych produkt\u00f3w oraz wsparcie serwisowe. Stawiamy przede wszystkim na jako\u015b\u0107. Dok\u0142adamy wszelkich stara\u0144, by ka\u017cdy z naszych klient\u00f3w by\u0142 zadowolony. Do\u015bwiadczenie oraz wiedza zdobywana na przestrzeni wielu lat pozwoli\u0142y nam zaprezentowa\u0107 skuteczne i niezawodne urz\u0105dzenia do wykonywania bezpiecznych zabieg\u00f3w kosmetycznych. Wszystkie nasze urz\u0105dzenia s\u0105 certyfikowane, udzielamy gwarancj\u0119 na 24 m-ce i zapewniamy mobilny serwis. Gwarantujemy serwis pogwarancyjny w d\u0142ugim okresie u\u017cytkowania.\u00a0\u00a0 W cenie urz\u0105dze\u0144 otrzymasz profesjonalne szkolenie zawodowe, kt\u00f3re gwarantuje przestrzeganie wysokich standard\u00f3w i wdro\u017cenie innowacyjnych metod zabiegowych. Posiadamy wiedz\u0119 i uprawnienia do przeprowadzania szkole\u0144 w zakresie oferowanych terapii. Szkolenia w naszym centrum szkoleniowym przeprowadza mgr kosmetologii, kt\u00f3ra w swojej pracy wykorzystuje najnowsze osi\u0105gni\u0119cia medycyny estetycznej. Wystawiamy CERTYFIKATY BEZPIECZE\u0143STWA I SKUTECZNO\u015aCI WYKONYWANYCH ZABIEG\u00d3W, kt\u00f3re mog\u0105 by\u0107 wystawione w pa\u0144stwa gabinecie do wgl\u0105du waszych klient\u00f3w.<\/p>\n","protected":false},"author":1,"featured_media":0,"parent":0,"menu_order":0,"comment_status":"closed","ping_status":"closed","template":"","meta":{"footnotes":""},"class_list":["post-1306","page","type-page","status-publish","hentry"],"yoast_head":"<!-- This site is optimized with the Yoast SEO plugin v27.3 - https:\/\/yoast.com\/product\/yoast-seo-wordpress\/ -->\n<title>O nas -<\/title>\n<meta name=\"robots\" content=\"index, follow, max-snippet:-1, max-image-preview:large, max-video-preview:-1\" \/>\n<link rel=\"canonical\" href=\"https:\/\/www.bestlaser.pl\/index.php\/o-nas\/\" \/>\n<meta property=\"og:locale\" content=\"pl_PL\" \/>\n<meta property=\"og:type\" content=\"article\" \/>\n<meta property=\"og:title\" content=\"O nas -\" \/>\n<meta property=\"og:description\" content=\"\u201dBEST \u2013 LASER\u201d najlepsze z najlepszych &nbsp; BEST-LASER\u00a0to sp\u00f3\u0142ka handlowa powsta\u0142a w 2015 roku \u00a0w celu promowania skutecznych i niezawodnych urz\u0105dze\u0144 dla kosmetologii i medycyny estetycznej. Na europejskim runku BEAUTY jest bardzo du\u017co urz\u0105dze\u0144 o niskiej jako\u015bci, kt\u00f3re nie spe\u0142niaj\u0105 wymaga\u0144 europejskich norm, przez co mog\u0105 by\u0107 niebezpieczne w u\u017cyciu. Naszym celem jest promowanie tych urz\u0105dze\u0144, kt\u00f3re posiadaj\u0105 europejskie certyfikaty jako\u015bci i gwarantuj\u0105 wykonanie skutecznych i bezpiecznych zabieg\u00f3w. Dla potwierdzenia wysokiej jako\u015bci tych urz\u0105dze\u0144, kt\u00f3re zosta\u0142y przetestowane w naszym Centrum Szkoleniowym, wystawiamy Certyfikat Jako\u015bci i Bezpiecze\u0144stwa, kt\u00f3ry mo\u017cna okaza\u0107 swoim klientom. W naszej ofercie znajduj\u0105 si\u0119 najskuteczniejsze urz\u0105dzenia kosmetyczne: LASERY FRAKCYJNE CO2, LASER TULOWY, LASERY DIODOWE 3D i 4D, LASERY ND:YAG PIKOSEKUNDOWE, LASERY NACZYNIOWE, E-LASERY DPL oraz urz\u0105dzenia: RADIOFREKWENCJA MIKROIG\u0141OWA, RADIOFREKWENCJA \u00a0THERMOCOOL i THERMAGE. Gwarantujemy wysok\u0105 jako\u015b\u0107 wszystkich naszych produkt\u00f3w oraz wsparcie serwisowe. Stawiamy przede wszystkim na jako\u015b\u0107. Dok\u0142adamy wszelkich stara\u0144, by ka\u017cdy z naszych klient\u00f3w by\u0142 zadowolony. Do\u015bwiadczenie oraz wiedza zdobywana na przestrzeni wielu lat pozwoli\u0142y nam zaprezentowa\u0107 skuteczne i niezawodne urz\u0105dzenia do wykonywania bezpiecznych zabieg\u00f3w kosmetycznych. Wszystkie nasze urz\u0105dzenia s\u0105 certyfikowane, udzielamy gwarancj\u0119 na 24 m-ce i zapewniamy mobilny serwis. Gwarantujemy serwis pogwarancyjny w d\u0142ugim okresie u\u017cytkowania.\u00a0\u00a0 W cenie urz\u0105dze\u0144 otrzymasz profesjonalne szkolenie zawodowe, kt\u00f3re gwarantuje przestrzeganie wysokich standard\u00f3w i wdro\u017cenie innowacyjnych metod zabiegowych. Posiadamy wiedz\u0119 i uprawnienia do przeprowadzania szkole\u0144 w zakresie oferowanych terapii. Szkolenia w naszym centrum szkoleniowym przeprowadza mgr kosmetologii, kt\u00f3ra w swojej pracy wykorzystuje najnowsze osi\u0105gni\u0119cia medycyny estetycznej. Wystawiamy CERTYFIKATY BEZPIECZE\u0143STWA I SKUTECZNO\u015aCI WYKONYWANYCH ZABIEG\u00d3W, kt\u00f3re mog\u0105 by\u0107 wystawione w pa\u0144stwa gabinecie do wgl\u0105du waszych klient\u00f3w.\" \/>\n<meta property=\"og:url\" content=\"https:\/\/www.bestlaser.pl\/index.php\/o-nas\/\" \/>\n<meta name=\"twitter:card\" content=\"summary_large_image\" \/>\n<script type=\"application\/ld+json\" class=\"yoast-schema-graph\">{\"@context\":\"https:\\\/\\\/schema.org\",\"@graph\":[{\"@type\":\"WebPage\",\"@id\":\"https:\\\/\\\/www.bestlaser.pl\\\/index.php\\\/o-nas\\\/\",\"url\":\"https:\\\/\\\/www.bestlaser.pl\\\/index.php\\\/o-nas\\\/\",\"name\":\"O nas -\",\"isPartOf\":{\"@id\":\"https:\\\/\\\/www.bestlaser.pl\\\/#website\"},\"datePublished\":\"2025-09-07T16:58:57+00:00\",\"breadcrumb\":{\"@id\":\"https:\\\/\\\/www.bestlaser.pl\\\/index.php\\\/o-nas\\\/#breadcrumb\"},\"inLanguage\":\"pl-PL\",\"potentialAction\":[{\"@type\":\"ReadAction\",\"target\":[\"https:\\\/\\\/www.bestlaser.pl\\\/index.php\\\/o-nas\\\/\"]}]},{\"@type\":\"BreadcrumbList\",\"@id\":\"https:\\\/\\\/www.bestlaser.pl\\\/index.php\\\/o-nas\\\/#breadcrumb\",\"itemListElement\":[{\"@type\":\"ListItem\",\"position\":1,\"name\":\"Strona g\u0142\u00f3wna\",\"item\":\"https:\\\/\\\/www.bestlaser.pl\\\/\"},{\"@type\":\"ListItem\",\"position\":2,\"name\":\"O nas\"}]},{\"@type\":\"WebSite\",\"@id\":\"https:\\\/\\\/www.bestlaser.pl\\\/#website\",\"url\":\"https:\\\/\\\/www.bestlaser.pl\\\/\",\"name\":\"URZ\u0104DZENIA KOSMETYCZNE\",\"description\":\"\",\"potentialAction\":[{\"@type\":\"SearchAction\",\"target\":{\"@type\":\"EntryPoint\",\"urlTemplate\":\"https:\\\/\\\/www.bestlaser.pl\\\/?s={search_term_string}\"},\"query-input\":{\"@type\":\"PropertyValueSpecification\",\"valueRequired\":true,\"valueName\":\"search_term_string\"}}],\"inLanguage\":\"pl-PL\"}]}<\/script>\n<!-- \/ Yoast SEO plugin. -->","yoast_head_json":{"title":"O nas -","robots":{"index":"index","follow":"follow","max-snippet":"max-snippet:-1","max-image-preview":"max-image-preview:large","max-video-preview":"max-video-preview:-1"},"canonical":"https:\/\/www.bestlaser.pl\/index.php\/o-nas\/","og_locale":"pl_PL","og_type":"article","og_title":"O nas -","og_description":"\u201dBEST \u2013 LASER\u201d najlepsze z najlepszych &nbsp; BEST-LASER\u00a0to sp\u00f3\u0142ka handlowa powsta\u0142a w 2015 roku \u00a0w celu promowania skutecznych i niezawodnych urz\u0105dze\u0144 dla kosmetologii i medycyny estetycznej. Na europejskim runku BEAUTY jest bardzo du\u017co urz\u0105dze\u0144 o niskiej jako\u015bci, kt\u00f3re nie spe\u0142niaj\u0105 wymaga\u0144 europejskich norm, przez co mog\u0105 by\u0107 niebezpieczne w u\u017cyciu. Naszym celem jest promowanie tych urz\u0105dze\u0144, kt\u00f3re posiadaj\u0105 europejskie certyfikaty jako\u015bci i gwarantuj\u0105 wykonanie skutecznych i bezpiecznych zabieg\u00f3w. Dla potwierdzenia wysokiej jako\u015bci tych urz\u0105dze\u0144, kt\u00f3re zosta\u0142y przetestowane w naszym Centrum Szkoleniowym, wystawiamy Certyfikat Jako\u015bci i Bezpiecze\u0144stwa, kt\u00f3ry mo\u017cna okaza\u0107 swoim klientom. W naszej ofercie znajduj\u0105 si\u0119 najskuteczniejsze urz\u0105dzenia kosmetyczne: LASERY FRAKCYJNE CO2, LASER TULOWY, LASERY DIODOWE 3D i 4D, LASERY ND:YAG PIKOSEKUNDOWE, LASERY NACZYNIOWE, E-LASERY DPL oraz urz\u0105dzenia: RADIOFREKWENCJA MIKROIG\u0141OWA, RADIOFREKWENCJA \u00a0THERMOCOOL i THERMAGE. Gwarantujemy wysok\u0105 jako\u015b\u0107 wszystkich naszych produkt\u00f3w oraz wsparcie serwisowe. Stawiamy przede wszystkim na jako\u015b\u0107. Dok\u0142adamy wszelkich stara\u0144, by ka\u017cdy z naszych klient\u00f3w by\u0142 zadowolony. Do\u015bwiadczenie oraz wiedza zdobywana na przestrzeni wielu lat pozwoli\u0142y nam zaprezentowa\u0107 skuteczne i niezawodne urz\u0105dzenia do wykonywania bezpiecznych zabieg\u00f3w kosmetycznych. Wszystkie nasze urz\u0105dzenia s\u0105 certyfikowane, udzielamy gwarancj\u0119 na 24 m-ce i zapewniamy mobilny serwis. Gwarantujemy serwis pogwarancyjny w d\u0142ugim okresie u\u017cytkowania.\u00a0\u00a0 W cenie urz\u0105dze\u0144 otrzymasz profesjonalne szkolenie zawodowe, kt\u00f3re gwarantuje przestrzeganie wysokich standard\u00f3w i wdro\u017cenie innowacyjnych metod zabiegowych. Posiadamy wiedz\u0119 i uprawnienia do przeprowadzania szkole\u0144 w zakresie oferowanych terapii. Szkolenia w naszym centrum szkoleniowym przeprowadza mgr kosmetologii, kt\u00f3ra w swojej pracy wykorzystuje najnowsze osi\u0105gni\u0119cia medycyny estetycznej. Wystawiamy CERTYFIKATY BEZPIECZE\u0143STWA I SKUTECZNO\u015aCI WYKONYWANYCH ZABIEG\u00d3W, kt\u00f3re mog\u0105 by\u0107 wystawione w pa\u0144stwa gabinecie do wgl\u0105du waszych klient\u00f3w.","og_url":"https:\/\/www.bestlaser.pl\/index.php\/o-nas\/","twitter_card":"summary_large_image","schema":{"@context":"https:\/\/schema.org","@graph":[{"@type":"WebPage","@id":"https:\/\/www.bestlaser.pl\/index.php\/o-nas\/","url":"https:\/\/www.bestlaser.pl\/index.php\/o-nas\/","name":"O nas -","isPartOf":{"@id":"https:\/\/www.bestlaser.pl\/#website"},"datePublished":"2025-09-07T16:58:57+00:00","breadcrumb":{"@id":"https:\/\/www.bestlaser.pl\/index.php\/o-nas\/#breadcrumb"},"inLanguage":"pl-PL","potentialAction":[{"@type":"ReadAction","target":["https:\/\/www.bestlaser.pl\/index.php\/o-nas\/"]}]},{"@type":"BreadcrumbList","@id":"https:\/\/www.bestlaser.pl\/index.php\/o-nas\/#breadcrumb","itemListElement":[{"@type":"ListItem","position":1,"name":"Strona g\u0142\u00f3wna","item":"https:\/\/www.bestlaser.pl\/"},{"@type":"ListItem","position":2,"name":"O nas"}]},{"@type":"WebSite","@id":"https:\/\/www.bestlaser.pl\/#website","url":"https:\/\/www.bestlaser.pl\/","name":"URZ\u0104DZENIA KOSMETYCZNE","description":"","potentialAction":[{"@type":"SearchAction","target":{"@type":"EntryPoint","urlTemplate":"https:\/\/www.bestlaser.pl\/?s={search_term_string}"},"query-input":{"@type":"PropertyValueSpecification","valueRequired":true,"valueName":"search_term_string"}}],"inLanguage":"pl-PL"}]}},"_links":{"self":[{"href":"https:\/\/www.bestlaser.pl\/index.php\/wp-json\/wp\/v2\/pages\/1306","targetHints":{"allow":["GET"]}}],"collection":[{"href":"https:\/\/www.bestlaser.pl\/index.php\/wp-json\/wp\/v2\/pages"}],"about":[{"href":"https:\/\/www.bestlaser.pl\/index.php\/wp-json\/wp\/v2\/types\/page"}],"author":[{"embeddable":true,"href":"https:\/\/www.bestlaser.pl\/index.php\/wp-json\/wp\/v2\/users\/1"}],"replies":[{"embeddable":true,"href":"https:\/\/www.bestlaser.pl\/index.php\/wp-json\/wp\/v2\/comments?post=1306"}],"version-history":[{"count":1,"href":"https:\/\/www.bestlaser.pl\/index.php\/wp-json\/wp\/v2\/pages\/1306\/revisions"}],"predecessor-version":[{"id":1307,"href":"https:\/\/www.bestlaser.pl\/index.php\/wp-json\/wp\/v2\/pages\/1306\/revisions\/1307"}],"wp:attachment":[{"href":"https:\/\/www.bestlaser.pl\/index.php\/wp-json\/wp\/v2\/media?parent=1306"}],"curies":[{"name":"wp","href":"https:\/\/api.w.org\/{rel}","templated":true}]}}