{"id":55,"date":"2024-08-13T21:33:01","date_gmt":"2024-08-13T19:33:01","guid":{"rendered":"https:\/\/www.bestlaser.pl\/?page_id=55"},"modified":"2025-02-19T18:21:41","modified_gmt":"2025-02-19T17:21:41","slug":"finansowanie","status":"publish","type":"page","link":"https:\/\/www.bestlaser.pl\/index.php\/finansowanie\/","title":{"rendered":"finansowanie"},"content":{"rendered":"<div class=\"fusion-fullwidth fullwidth-box fusion-builder-row-1 fusion-flex-container has-pattern-background has-mask-background nonhundred-percent-fullwidth non-hundred-percent-height-scrolling\" style=\"--awb-border-radius-top-left:0px;--awb-border-radius-top-right:0px;--awb-border-radius-bottom-right:0px;--awb-border-radius-bottom-left:0px;--awb-flex-wrap:wrap;\" ><div class=\"fusion-builder-row fusion-row fusion-flex-align-items-flex-start fusion-flex-content-wrap\" style=\"max-width:1248px;margin-left: calc(-4% \/ 2 );margin-right: calc(-4% \/ 2 );\"><div class=\"fusion-layout-column fusion_builder_column fusion-builder-column-0 fusion_builder_column_1_1 1_1 fusion-flex-column\" style=\"--awb-bg-size:cover;--awb-width-large:100%;--awb-margin-top-large:0px;--awb-spacing-right-large:1.92%;--awb-margin-bottom-large:20px;--awb-spacing-left-large:1.92%;--awb-width-medium:100%;--awb-order-medium:0;--awb-spacing-right-medium:1.92%;--awb-spacing-left-medium:1.92%;--awb-width-small:100%;--awb-order-small:0;--awb-spacing-right-small:1.92%;--awb-spacing-left-small:1.92%;\"><div class=\"fusion-column-wrapper fusion-column-has-shadow fusion-flex-justify-content-flex-start fusion-content-layout-column\"><div class=\"fusion-text fusion-text-1\"><header class=\"post-header\">\n<h4 class=\"page-title\" style=\"text-align: center;\">finansowanie<\/h4>\n<\/header>\n<div class=\"post-content\">\n<p>Oferujemy pomoc w\u00a0 uzyskaniu leasingu lub kredytu dostosowanego do Pa\u0144stwa potrzeb i mo\u017cliwo\u015bci. Od ponad 15 lat wsp\u00f3\u0142pracujemy z doradc\u0105 finansowym, kt\u00f3ry \u00a0oferuje najlepsze warunki finansowania naszych urz\u0105dze\u0144.<br \/>\nZadzwo\u0144 do naszego doradcy:<br \/>\nKarolina Szorc<br \/>\ntel. 603197047<br \/>\n<span style=\"color: #3366ff;\">e-mail:\u00a0<a style=\"color: #3366ff;\" href=\"mailto:karolina.szorc@millenniumleasing.com.pl\">\u00a0karolina.szorc@millenniumleasing.com.pl<\/a><\/span><\/p>\n<\/div>\n<\/div><\/div><\/div><\/div><\/div>\n","protected":false},"excerpt":{"rendered":"","protected":false},"author":1,"featured_media":0,"parent":0,"menu_order":102,"comment_status":"closed","ping_status":"closed","template":"100-width.php","meta":{"footnotes":""},"class_list":["post-55","page","type-page","status-publish","hentry"],"yoast_head":"<!-- This site is optimized with the Yoast SEO plugin v27.3 - https:\/\/yoast.com\/product\/yoast-seo-wordpress\/ -->\n<title>finansowanie -<\/title>\n<meta name=\"robots\" content=\"index, follow, max-snippet:-1, max-image-preview:large, max-video-preview:-1\" \/>\n<link rel=\"canonical\" href=\"https:\/\/www.bestlaser.pl\/index.php\/finansowanie\/\" \/>\n<meta property=\"og:locale\" content=\"pl_PL\" \/>\n<meta property=\"og:type\" content=\"article\" \/>\n<meta property=\"og:title\" content=\"finansowanie -\" \/>\n<meta property=\"og:url\" content=\"https:\/\/www.bestlaser.pl\/index.php\/finansowanie\/\" \/>\n<meta property=\"article:modified_time\" content=\"2025-02-19T17:21:41+00:00\" \/>\n<meta name=\"twitter:card\" content=\"summary_large_image\" \/>\n<meta name=\"twitter:label1\" content=\"Szacowany czas czytania\" \/>\n\t<meta name=\"twitter:data1\" content=\"5 minut\" \/>\n<script type=\"application\/ld+json\" class=\"yoast-schema-graph\">{\"@context\":\"https:\\\/\\\/schema.org\",\"@graph\":[{\"@type\":\"WebPage\",\"@id\":\"https:\\\/\\\/www.bestlaser.pl\\\/index.php\\\/finansowanie\\\/\",\"url\":\"https:\\\/\\\/www.bestlaser.pl\\\/index.php\\\/finansowanie\\\/\",\"name\":\"finansowanie -\",\"isPartOf\":{\"@id\":\"https:\\\/\\\/www.bestlaser.pl\\\/#website\"},\"datePublished\":\"2024-08-13T19:33:01+00:00\",\"dateModified\":\"2025-02-19T17:21:41+00:00\",\"breadcrumb\":{\"@id\":\"https:\\\/\\\/www.bestlaser.pl\\\/index.php\\\/finansowanie\\\/#breadcrumb\"},\"inLanguage\":\"pl-PL\",\"potentialAction\":[{\"@type\":\"ReadAction\",\"target\":[\"https:\\\/\\\/www.bestlaser.pl\\\/index.php\\\/finansowanie\\\/\"]}]},{\"@type\":\"BreadcrumbList\",\"@id\":\"https:\\\/\\\/www.bestlaser.pl\\\/index.php\\\/finansowanie\\\/#breadcrumb\",\"itemListElement\":[{\"@type\":\"ListItem\",\"position\":1,\"name\":\"Strona g\u0142\u00f3wna\",\"item\":\"https:\\\/\\\/www.bestlaser.pl\\\/\"},{\"@type\":\"ListItem\",\"position\":2,\"name\":\"finansowanie\"}]},{\"@type\":\"WebSite\",\"@id\":\"https:\\\/\\\/www.bestlaser.pl\\\/#website\",\"url\":\"https:\\\/\\\/www.bestlaser.pl\\\/\",\"name\":\"URZ\u0104DZENIA KOSMETYCZNE\",\"description\":\"\",\"potentialAction\":[{\"@type\":\"SearchAction\",\"target\":{\"@type\":\"EntryPoint\",\"urlTemplate\":\"https:\\\/\\\/www.bestlaser.pl\\\/?s={search_term_string}\"},\"query-input\":{\"@type\":\"PropertyValueSpecification\",\"valueRequired\":true,\"valueName\":\"search_term_string\"}}],\"inLanguage\":\"pl-PL\"}]}<\/script>\n<!-- \/ Yoast SEO plugin. -->","yoast_head_json":{"title":"finansowanie -","robots":{"index":"index","follow":"follow","max-snippet":"max-snippet:-1","max-image-preview":"max-image-preview:large","max-video-preview":"max-video-preview:-1"},"canonical":"https:\/\/www.bestlaser.pl\/index.php\/finansowanie\/","og_locale":"pl_PL","og_type":"article","og_title":"finansowanie -","og_url":"https:\/\/www.bestlaser.pl\/index.php\/finansowanie\/","article_modified_time":"2025-02-19T17:21:41+00:00","twitter_card":"summary_large_image","twitter_misc":{"Szacowany czas czytania":"5 minut"},"schema":{"@context":"https:\/\/schema.org","@graph":[{"@type":"WebPage","@id":"https:\/\/www.bestlaser.pl\/index.php\/finansowanie\/","url":"https:\/\/www.bestlaser.pl\/index.php\/finansowanie\/","name":"finansowanie -","isPartOf":{"@id":"https:\/\/www.bestlaser.pl\/#website"},"datePublished":"2024-08-13T19:33:01+00:00","dateModified":"2025-02-19T17:21:41+00:00","breadcrumb":{"@id":"https:\/\/www.bestlaser.pl\/index.php\/finansowanie\/#breadcrumb"},"inLanguage":"pl-PL","potentialAction":[{"@type":"ReadAction","target":["https:\/\/www.bestlaser.pl\/index.php\/finansowanie\/"]}]},{"@type":"BreadcrumbList","@id":"https:\/\/www.bestlaser.pl\/index.php\/finansowanie\/#breadcrumb","itemListElement":[{"@type":"ListItem","position":1,"name":"Strona g\u0142\u00f3wna","item":"https:\/\/www.bestlaser.pl\/"},{"@type":"ListItem","position":2,"name":"finansowanie"}]},{"@type":"WebSite","@id":"https:\/\/www.bestlaser.pl\/#website","url":"https:\/\/www.bestlaser.pl\/","name":"URZ\u0104DZENIA KOSMETYCZNE","description":"","potentialAction":[{"@type":"SearchAction","target":{"@type":"EntryPoint","urlTemplate":"https:\/\/www.bestlaser.pl\/?s={search_term_string}"},"query-input":{"@type":"PropertyValueSpecification","valueRequired":true,"valueName":"search_term_string"}}],"inLanguage":"pl-PL"}]}},"_links":{"self":[{"href":"https:\/\/www.bestlaser.pl\/index.php\/wp-json\/wp\/v2\/pages\/55","targetHints":{"allow":["GET"]}}],"collection":[{"href":"https:\/\/www.bestlaser.pl\/index.php\/wp-json\/wp\/v2\/pages"}],"about":[{"href":"https:\/\/www.bestlaser.pl\/index.php\/wp-json\/wp\/v2\/types\/page"}],"author":[{"embeddable":true,"href":"https:\/\/www.bestlaser.pl\/index.php\/wp-json\/wp\/v2\/users\/1"}],"replies":[{"embeddable":true,"href":"https:\/\/www.bestlaser.pl\/index.php\/wp-json\/wp\/v2\/comments?post=55"}],"version-history":[{"count":5,"href":"https:\/\/www.bestlaser.pl\/index.php\/wp-json\/wp\/v2\/pages\/55\/revisions"}],"predecessor-version":[{"id":941,"href":"https:\/\/www.bestlaser.pl\/index.php\/wp-json\/wp\/v2\/pages\/55\/revisions\/941"}],"wp:attachment":[{"href":"https:\/\/www.bestlaser.pl\/index.php\/wp-json\/wp\/v2\/media?parent=55"}],"curies":[{"name":"wp","href":"https:\/\/api.w.org\/{rel}","templated":true}]}}