{"id":95,"date":"2024-08-17T20:08:36","date_gmt":"2024-08-17T18:08:36","guid":{"rendered":"https:\/\/www.bestlaser.pl\/?page_id=95"},"modified":"2024-10-04T17:42:47","modified_gmt":"2024-10-04T15:42:47","slug":"serwis","status":"publish","type":"page","link":"https:\/\/www.bestlaser.pl\/index.php\/serwis\/","title":{"rendered":"serwis"},"content":{"rendered":"<div class=\"fusion-fullwidth fullwidth-box fusion-builder-row-1 fusion-flex-container has-pattern-background has-mask-background nonhundred-percent-fullwidth non-hundred-percent-height-scrolling\" style=\"--awb-border-radius-top-left:0px;--awb-border-radius-top-right:0px;--awb-border-radius-bottom-right:0px;--awb-border-radius-bottom-left:0px;--awb-flex-wrap:wrap;\" ><div class=\"fusion-builder-row fusion-row fusion-flex-align-items-flex-start fusion-flex-content-wrap\" style=\"max-width:1248px;margin-left: calc(-4% \/ 2 );margin-right: calc(-4% \/ 2 );\"><div class=\"fusion-layout-column fusion_builder_column fusion-builder-column-0 fusion_builder_column_1_1 1_1 fusion-flex-column\" style=\"--awb-bg-size:cover;--awb-width-large:100%;--awb-margin-top-large:0px;--awb-spacing-right-large:1.92%;--awb-margin-bottom-large:20px;--awb-spacing-left-large:1.92%;--awb-width-medium:100%;--awb-order-medium:0;--awb-spacing-right-medium:1.92%;--awb-spacing-left-medium:1.92%;--awb-width-small:100%;--awb-order-small:0;--awb-spacing-right-small:1.92%;--awb-spacing-left-small:1.92%;\"><div class=\"fusion-column-wrapper fusion-column-has-shadow fusion-flex-justify-content-flex-start fusion-content-layout-column\"><div class=\"fusion-text fusion-text-1\"><header class=\"post-header\">\n<h4 class=\"page-title\" style=\"text-align: center;\">serwis urz\u0105dze\u0144<\/h4>\n<\/header>\n<div class=\"post-content\">\n<p>Wszystkie nasze urz\u0105dzenia s\u0105 certyfikowane. Jako producent posiadamy pe\u0142n\u0105 dokumentacj\u0119 techniczn\u0105 i certyfikaty potwierdzaj\u0105ce spe\u0142nienie norm europejskich.\u00a0 Udzielamy gwarancj\u0119 na 24 m-ce i zapewniamy mobilny serwis. Posiadamy zapas cz\u0119\u015bci zamiennych i wyspecjalizowany serwis, mo\u017cemy reagowa\u0107 w przypadku awarii w maksymalnie 24 godzin. Gwarantujemy serwis pogwarancyjny w d\u0142ugim okresie u\u017cytkowania.<\/p>\n<div class=\"wp-block-columns is-layout-flex wp-container-core-columns-is-layout-1 wp-block-columns-is-layout-flex\">\n<div class=\"wp-block-column is-layout-flow wp-block-column-is-layout-flow\">\n<figure class=\"wp-block-image size-full is-resized\"><img decoding=\"async\" class=\"wp-image-13331\" src=\"https:\/\/laser3000.pl\/wp-content\/uploads\/2023\/05\/Photogenica-PHX22834592.jpg\" sizes=\"(max-width: 1000px) 100vw, 1000px\" srcset=\"https:\/\/laser3000.pl\/wp-content\/uploads\/2023\/05\/Photogenica-PHX22834592.jpg 1000w, https:\/\/laser3000.pl\/wp-content\/uploads\/2023\/05\/Photogenica-PHX22834592-500x343.jpg 500w, https:\/\/laser3000.pl\/wp-content\/uploads\/2023\/05\/Photogenica-PHX22834592-700x480.jpg 700w, https:\/\/laser3000.pl\/wp-content\/uploads\/2023\/05\/Photogenica-PHX22834592-300x206.jpg 300w, https:\/\/laser3000.pl\/wp-content\/uploads\/2023\/05\/Photogenica-PHX22834592-768x527.jpg 768w\" alt=\"\" width=\"1000\" height=\"686\" \/><\/figure>\n<\/div>\n<div class=\"wp-block-column is-layout-flow wp-block-column-is-layout-flow\">\n<figure class=\"wp-block-image size-full\"><img decoding=\"async\" class=\"wp-image-13336\" src=\"https:\/\/laser3000.pl\/wp-content\/uploads\/2023\/05\/Photogenica-PHX227041600.jpg\" sizes=\"(max-width: 999px) 100vw, 999px\" srcset=\"https:\/\/laser3000.pl\/wp-content\/uploads\/2023\/05\/Photogenica-PHX227041600.jpg 999w, https:\/\/laser3000.pl\/wp-content\/uploads\/2023\/05\/Photogenica-PHX227041600-500x334.jpg 500w, https:\/\/laser3000.pl\/wp-content\/uploads\/2023\/05\/Photogenica-PHX227041600-700x467.jpg 700w, https:\/\/laser3000.pl\/wp-content\/uploads\/2023\/05\/Photogenica-PHX227041600-300x200.jpg 300w, https:\/\/laser3000.pl\/wp-content\/uploads\/2023\/05\/Photogenica-PHX227041600-768x513.jpg 768w, https:\/\/laser3000.pl\/wp-content\/uploads\/2023\/05\/Photogenica-PHX227041600-360x240.jpg 360w\" alt=\"\" width=\"999\" height=\"667\" \/><\/figure>\n<\/div>\n<div class=\"wp-block-column is-layout-flow wp-block-column-is-layout-flow\">\n<figure class=\"wp-block-image size-full\"><img decoding=\"async\" class=\"wp-image-13333\" src=\"https:\/\/laser3000.pl\/wp-content\/uploads\/2023\/05\/Photogenica-PHX325517738.jpg\" sizes=\"(max-width: 1000px) 100vw, 1000px\" srcset=\"https:\/\/laser3000.pl\/wp-content\/uploads\/2023\/05\/Photogenica-PHX325517738.jpg 1000w, https:\/\/laser3000.pl\/wp-content\/uploads\/2023\/05\/Photogenica-PHX325517738-500x334.jpg 500w, https:\/\/laser3000.pl\/wp-content\/uploads\/2023\/05\/Photogenica-PHX325517738-700x467.jpg 700w, https:\/\/laser3000.pl\/wp-content\/uploads\/2023\/05\/Photogenica-PHX325517738-300x200.jpg 300w, https:\/\/laser3000.pl\/wp-content\/uploads\/2023\/05\/Photogenica-PHX325517738-768x512.jpg 768w, https:\/\/laser3000.pl\/wp-content\/uploads\/2023\/05\/Photogenica-PHX325517738-360x240.jpg 360w\" alt=\"\" width=\"1000\" height=\"667\" \/><\/figure>\n<\/div>\n<\/div>\n<\/div>\n<\/div><\/div><\/div><\/div><\/div>\n","protected":false},"excerpt":{"rendered":"","protected":false},"author":1,"featured_media":0,"parent":0,"menu_order":104,"comment_status":"closed","ping_status":"closed","template":"100-width.php","meta":{"footnotes":""},"class_list":["post-95","page","type-page","status-publish","hentry"],"yoast_head":"<!-- This site is optimized with the Yoast SEO plugin v27.3 - https:\/\/yoast.com\/product\/yoast-seo-wordpress\/ -->\n<title>serwis -<\/title>\n<meta name=\"robots\" content=\"index, follow, max-snippet:-1, max-image-preview:large, max-video-preview:-1\" \/>\n<link rel=\"canonical\" href=\"https:\/\/www.bestlaser.pl\/index.php\/serwis\/\" \/>\n<meta property=\"og:locale\" content=\"pl_PL\" \/>\n<meta property=\"og:type\" content=\"article\" \/>\n<meta property=\"og:title\" content=\"serwis -\" \/>\n<meta property=\"og:url\" content=\"https:\/\/www.bestlaser.pl\/index.php\/serwis\/\" \/>\n<meta property=\"article:modified_time\" content=\"2024-10-04T15:42:47+00:00\" \/>\n<meta property=\"og:image\" content=\"https:\/\/laser3000.pl\/wp-content\/uploads\/2023\/05\/Photogenica-PHX22834592.jpg\" \/>\n<meta name=\"twitter:card\" content=\"summary_large_image\" \/>\n<meta name=\"twitter:label1\" content=\"Szacowany czas czytania\" \/>\n\t<meta name=\"twitter:data1\" content=\"6 minut\" \/>\n<script type=\"application\/ld+json\" class=\"yoast-schema-graph\">{\"@context\":\"https:\\\/\\\/schema.org\",\"@graph\":[{\"@type\":\"WebPage\",\"@id\":\"https:\\\/\\\/www.bestlaser.pl\\\/index.php\\\/serwis\\\/\",\"url\":\"https:\\\/\\\/www.bestlaser.pl\\\/index.php\\\/serwis\\\/\",\"name\":\"serwis -\",\"isPartOf\":{\"@id\":\"https:\\\/\\\/www.bestlaser.pl\\\/#website\"},\"primaryImageOfPage\":{\"@id\":\"https:\\\/\\\/www.bestlaser.pl\\\/index.php\\\/serwis\\\/#primaryimage\"},\"image\":{\"@id\":\"https:\\\/\\\/www.bestlaser.pl\\\/index.php\\\/serwis\\\/#primaryimage\"},\"thumbnailUrl\":\"https:\\\/\\\/laser3000.pl\\\/wp-content\\\/uploads\\\/2023\\\/05\\\/Photogenica-PHX22834592.jpg\",\"datePublished\":\"2024-08-17T18:08:36+00:00\",\"dateModified\":\"2024-10-04T15:42:47+00:00\",\"breadcrumb\":{\"@id\":\"https:\\\/\\\/www.bestlaser.pl\\\/index.php\\\/serwis\\\/#breadcrumb\"},\"inLanguage\":\"pl-PL\",\"potentialAction\":[{\"@type\":\"ReadAction\",\"target\":[\"https:\\\/\\\/www.bestlaser.pl\\\/index.php\\\/serwis\\\/\"]}]},{\"@type\":\"ImageObject\",\"inLanguage\":\"pl-PL\",\"@id\":\"https:\\\/\\\/www.bestlaser.pl\\\/index.php\\\/serwis\\\/#primaryimage\",\"url\":\"https:\\\/\\\/laser3000.pl\\\/wp-content\\\/uploads\\\/2023\\\/05\\\/Photogenica-PHX22834592.jpg\",\"contentUrl\":\"https:\\\/\\\/laser3000.pl\\\/wp-content\\\/uploads\\\/2023\\\/05\\\/Photogenica-PHX22834592.jpg\"},{\"@type\":\"BreadcrumbList\",\"@id\":\"https:\\\/\\\/www.bestlaser.pl\\\/index.php\\\/serwis\\\/#breadcrumb\",\"itemListElement\":[{\"@type\":\"ListItem\",\"position\":1,\"name\":\"Strona g\u0142\u00f3wna\",\"item\":\"https:\\\/\\\/www.bestlaser.pl\\\/\"},{\"@type\":\"ListItem\",\"position\":2,\"name\":\"serwis\"}]},{\"@type\":\"WebSite\",\"@id\":\"https:\\\/\\\/www.bestlaser.pl\\\/#website\",\"url\":\"https:\\\/\\\/www.bestlaser.pl\\\/\",\"name\":\"URZ\u0104DZENIA KOSMETYCZNE\",\"description\":\"\",\"potentialAction\":[{\"@type\":\"SearchAction\",\"target\":{\"@type\":\"EntryPoint\",\"urlTemplate\":\"https:\\\/\\\/www.bestlaser.pl\\\/?s={search_term_string}\"},\"query-input\":{\"@type\":\"PropertyValueSpecification\",\"valueRequired\":true,\"valueName\":\"search_term_string\"}}],\"inLanguage\":\"pl-PL\"}]}<\/script>\n<!-- \/ Yoast SEO plugin. -->","yoast_head_json":{"title":"serwis -","robots":{"index":"index","follow":"follow","max-snippet":"max-snippet:-1","max-image-preview":"max-image-preview:large","max-video-preview":"max-video-preview:-1"},"canonical":"https:\/\/www.bestlaser.pl\/index.php\/serwis\/","og_locale":"pl_PL","og_type":"article","og_title":"serwis -","og_url":"https:\/\/www.bestlaser.pl\/index.php\/serwis\/","article_modified_time":"2024-10-04T15:42:47+00:00","og_image":[{"url":"https:\/\/laser3000.pl\/wp-content\/uploads\/2023\/05\/Photogenica-PHX22834592.jpg","type":"","width":"","height":""}],"twitter_card":"summary_large_image","twitter_misc":{"Szacowany czas czytania":"6 minut"},"schema":{"@context":"https:\/\/schema.org","@graph":[{"@type":"WebPage","@id":"https:\/\/www.bestlaser.pl\/index.php\/serwis\/","url":"https:\/\/www.bestlaser.pl\/index.php\/serwis\/","name":"serwis -","isPartOf":{"@id":"https:\/\/www.bestlaser.pl\/#website"},"primaryImageOfPage":{"@id":"https:\/\/www.bestlaser.pl\/index.php\/serwis\/#primaryimage"},"image":{"@id":"https:\/\/www.bestlaser.pl\/index.php\/serwis\/#primaryimage"},"thumbnailUrl":"https:\/\/laser3000.pl\/wp-content\/uploads\/2023\/05\/Photogenica-PHX22834592.jpg","datePublished":"2024-08-17T18:08:36+00:00","dateModified":"2024-10-04T15:42:47+00:00","breadcrumb":{"@id":"https:\/\/www.bestlaser.pl\/index.php\/serwis\/#breadcrumb"},"inLanguage":"pl-PL","potentialAction":[{"@type":"ReadAction","target":["https:\/\/www.bestlaser.pl\/index.php\/serwis\/"]}]},{"@type":"ImageObject","inLanguage":"pl-PL","@id":"https:\/\/www.bestlaser.pl\/index.php\/serwis\/#primaryimage","url":"https:\/\/laser3000.pl\/wp-content\/uploads\/2023\/05\/Photogenica-PHX22834592.jpg","contentUrl":"https:\/\/laser3000.pl\/wp-content\/uploads\/2023\/05\/Photogenica-PHX22834592.jpg"},{"@type":"BreadcrumbList","@id":"https:\/\/www.bestlaser.pl\/index.php\/serwis\/#breadcrumb","itemListElement":[{"@type":"ListItem","position":1,"name":"Strona g\u0142\u00f3wna","item":"https:\/\/www.bestlaser.pl\/"},{"@type":"ListItem","position":2,"name":"serwis"}]},{"@type":"WebSite","@id":"https:\/\/www.bestlaser.pl\/#website","url":"https:\/\/www.bestlaser.pl\/","name":"URZ\u0104DZENIA KOSMETYCZNE","description":"","potentialAction":[{"@type":"SearchAction","target":{"@type":"EntryPoint","urlTemplate":"https:\/\/www.bestlaser.pl\/?s={search_term_string}"},"query-input":{"@type":"PropertyValueSpecification","valueRequired":true,"valueName":"search_term_string"}}],"inLanguage":"pl-PL"}]}},"_links":{"self":[{"href":"https:\/\/www.bestlaser.pl\/index.php\/wp-json\/wp\/v2\/pages\/95","targetHints":{"allow":["GET"]}}],"collection":[{"href":"https:\/\/www.bestlaser.pl\/index.php\/wp-json\/wp\/v2\/pages"}],"about":[{"href":"https:\/\/www.bestlaser.pl\/index.php\/wp-json\/wp\/v2\/types\/page"}],"author":[{"embeddable":true,"href":"https:\/\/www.bestlaser.pl\/index.php\/wp-json\/wp\/v2\/users\/1"}],"replies":[{"embeddable":true,"href":"https:\/\/www.bestlaser.pl\/index.php\/wp-json\/wp\/v2\/comments?post=95"}],"version-history":[{"count":3,"href":"https:\/\/www.bestlaser.pl\/index.php\/wp-json\/wp\/v2\/pages\/95\/revisions"}],"predecessor-version":[{"id":722,"href":"https:\/\/www.bestlaser.pl\/index.php\/wp-json\/wp\/v2\/pages\/95\/revisions\/722"}],"wp:attachment":[{"href":"https:\/\/www.bestlaser.pl\/index.php\/wp-json\/wp\/v2\/media?parent=95"}],"curies":[{"name":"wp","href":"https:\/\/api.w.org\/{rel}","templated":true}]}}