{"id":98,"date":"2024-08-17T20:09:28","date_gmt":"2024-08-17T18:09:28","guid":{"rendered":"https:\/\/www.bestlaser.pl\/?page_id=98"},"modified":"2024-10-04T17:46:22","modified_gmt":"2024-10-04T15:46:22","slug":"szkolenia","status":"publish","type":"page","link":"https:\/\/www.bestlaser.pl\/index.php\/szkolenia\/","title":{"rendered":"szkolenia"},"content":{"rendered":"<div class=\"fusion-fullwidth fullwidth-box fusion-builder-row-1 fusion-flex-container has-pattern-background has-mask-background nonhundred-percent-fullwidth non-hundred-percent-height-scrolling\" style=\"--awb-border-radius-top-left:0px;--awb-border-radius-top-right:0px;--awb-border-radius-bottom-right:0px;--awb-border-radius-bottom-left:0px;--awb-flex-wrap:wrap;\" ><div class=\"fusion-builder-row fusion-row fusion-flex-align-items-flex-start fusion-flex-content-wrap\" style=\"max-width:1248px;margin-left: calc(-4% \/ 2 );margin-right: calc(-4% \/ 2 );\"><div class=\"fusion-layout-column fusion_builder_column fusion-builder-column-0 fusion_builder_column_1_1 1_1 fusion-flex-column\" style=\"--awb-bg-size:cover;--awb-width-large:100%;--awb-margin-top-large:0px;--awb-spacing-right-large:1.92%;--awb-margin-bottom-large:20px;--awb-spacing-left-large:1.92%;--awb-width-medium:100%;--awb-order-medium:0;--awb-spacing-right-medium:1.92%;--awb-spacing-left-medium:1.92%;--awb-width-small:100%;--awb-order-small:0;--awb-spacing-right-small:1.92%;--awb-spacing-left-small:1.92%;\"><div class=\"fusion-column-wrapper fusion-column-has-shadow fusion-flex-justify-content-flex-start fusion-content-layout-column\"><div class=\"fusion-text fusion-text-1\"><div class=\"fusion-text fusion-text-29\">\n<h3 class=\"content-box-heading\" style=\"text-align: center;\">Profesjonalne szkolenia<\/h3>\n<\/div>\n<div class=\"fusion-text fusion-text-30\">\n<div class=\"content-container\">\n<p>Wiemy, jak wa\u017cne i odpowiedzialne jest wykonywanie zabieg\u00f3w na ludzkiej sk\u00f3rze, dlatego zapewniamy profesjonalne szkolenia przy zakupie ka\u017cdego urz\u0105dzenia. Nasz niezawodny zesp\u00f3\u0142 w postaci wykwalifikowanych kosmetolog\u00f3w prowadz\u0105cych na co dzie\u0144 w\u0142asny gabinet przemierza ca\u0142\u0105 Polsk\u0119, aby dzieli\u0107 si\u0119 swoj\u0105 wiedz\u0105 z fachowej i bezpiecznej obs\u0142ugi naszych produkt\u00f3w. Spotkania szkoleniowe to tak\u017ce szansa dla nas, aby lepiej pozna\u0107 specyfik\u0119 pracy naszych klient\u00f3w i reagowa\u0107 na potrzeby rynku. Wymiana do\u015bwiadcze\u0144 pozwala nam stale ulepsza\u0107 funkcjonalno\u015b\u0107 i ergonomi\u0119 urz\u0105dze\u0144. Zapraszamy do skorzystania z naszych szkole\u0144, aby doskonali\u0107 si\u0119 w zakresie wykonywania zabieg\u00f3w i m\u00f3c w pe\u0142ni wykorzysta\u0107 potencja\u0142 asortymentu BESTLASER.<\/p>\n<\/div>\n<\/div>\n<\/div><\/div><\/div><\/div><\/div>\n","protected":false},"excerpt":{"rendered":"","protected":false},"author":1,"featured_media":0,"parent":0,"menu_order":101,"comment_status":"closed","ping_status":"closed","template":"100-width.php","meta":{"footnotes":""},"class_list":["post-98","page","type-page","status-publish","hentry"],"yoast_head":"<!-- This site is optimized with the Yoast SEO plugin v27.3 - https:\/\/yoast.com\/product\/yoast-seo-wordpress\/ -->\n<title>szkolenia -<\/title>\n<meta name=\"robots\" content=\"index, follow, max-snippet:-1, max-image-preview:large, max-video-preview:-1\" \/>\n<link rel=\"canonical\" href=\"https:\/\/www.bestlaser.pl\/index.php\/szkolenia\/\" \/>\n<meta property=\"og:locale\" content=\"pl_PL\" \/>\n<meta property=\"og:type\" content=\"article\" \/>\n<meta property=\"og:title\" content=\"szkolenia -\" \/>\n<meta property=\"og:url\" content=\"https:\/\/www.bestlaser.pl\/index.php\/szkolenia\/\" \/>\n<meta property=\"article:modified_time\" content=\"2024-10-04T15:46:22+00:00\" \/>\n<meta name=\"twitter:card\" content=\"summary_large_image\" \/>\n<meta name=\"twitter:label1\" content=\"Szacowany czas czytania\" \/>\n\t<meta name=\"twitter:data1\" content=\"6 minut\" \/>\n<script type=\"application\/ld+json\" class=\"yoast-schema-graph\">{\"@context\":\"https:\\\/\\\/schema.org\",\"@graph\":[{\"@type\":\"WebPage\",\"@id\":\"https:\\\/\\\/www.bestlaser.pl\\\/index.php\\\/szkolenia\\\/\",\"url\":\"https:\\\/\\\/www.bestlaser.pl\\\/index.php\\\/szkolenia\\\/\",\"name\":\"szkolenia -\",\"isPartOf\":{\"@id\":\"https:\\\/\\\/www.bestlaser.pl\\\/#website\"},\"datePublished\":\"2024-08-17T18:09:28+00:00\",\"dateModified\":\"2024-10-04T15:46:22+00:00\",\"breadcrumb\":{\"@id\":\"https:\\\/\\\/www.bestlaser.pl\\\/index.php\\\/szkolenia\\\/#breadcrumb\"},\"inLanguage\":\"pl-PL\",\"potentialAction\":[{\"@type\":\"ReadAction\",\"target\":[\"https:\\\/\\\/www.bestlaser.pl\\\/index.php\\\/szkolenia\\\/\"]}]},{\"@type\":\"BreadcrumbList\",\"@id\":\"https:\\\/\\\/www.bestlaser.pl\\\/index.php\\\/szkolenia\\\/#breadcrumb\",\"itemListElement\":[{\"@type\":\"ListItem\",\"position\":1,\"name\":\"Strona g\u0142\u00f3wna\",\"item\":\"https:\\\/\\\/www.bestlaser.pl\\\/\"},{\"@type\":\"ListItem\",\"position\":2,\"name\":\"szkolenia\"}]},{\"@type\":\"WebSite\",\"@id\":\"https:\\\/\\\/www.bestlaser.pl\\\/#website\",\"url\":\"https:\\\/\\\/www.bestlaser.pl\\\/\",\"name\":\"URZ\u0104DZENIA KOSMETYCZNE\",\"description\":\"\",\"potentialAction\":[{\"@type\":\"SearchAction\",\"target\":{\"@type\":\"EntryPoint\",\"urlTemplate\":\"https:\\\/\\\/www.bestlaser.pl\\\/?s={search_term_string}\"},\"query-input\":{\"@type\":\"PropertyValueSpecification\",\"valueRequired\":true,\"valueName\":\"search_term_string\"}}],\"inLanguage\":\"pl-PL\"}]}<\/script>\n<!-- \/ Yoast SEO plugin. -->","yoast_head_json":{"title":"szkolenia -","robots":{"index":"index","follow":"follow","max-snippet":"max-snippet:-1","max-image-preview":"max-image-preview:large","max-video-preview":"max-video-preview:-1"},"canonical":"https:\/\/www.bestlaser.pl\/index.php\/szkolenia\/","og_locale":"pl_PL","og_type":"article","og_title":"szkolenia -","og_url":"https:\/\/www.bestlaser.pl\/index.php\/szkolenia\/","article_modified_time":"2024-10-04T15:46:22+00:00","twitter_card":"summary_large_image","twitter_misc":{"Szacowany czas czytania":"6 minut"},"schema":{"@context":"https:\/\/schema.org","@graph":[{"@type":"WebPage","@id":"https:\/\/www.bestlaser.pl\/index.php\/szkolenia\/","url":"https:\/\/www.bestlaser.pl\/index.php\/szkolenia\/","name":"szkolenia -","isPartOf":{"@id":"https:\/\/www.bestlaser.pl\/#website"},"datePublished":"2024-08-17T18:09:28+00:00","dateModified":"2024-10-04T15:46:22+00:00","breadcrumb":{"@id":"https:\/\/www.bestlaser.pl\/index.php\/szkolenia\/#breadcrumb"},"inLanguage":"pl-PL","potentialAction":[{"@type":"ReadAction","target":["https:\/\/www.bestlaser.pl\/index.php\/szkolenia\/"]}]},{"@type":"BreadcrumbList","@id":"https:\/\/www.bestlaser.pl\/index.php\/szkolenia\/#breadcrumb","itemListElement":[{"@type":"ListItem","position":1,"name":"Strona g\u0142\u00f3wna","item":"https:\/\/www.bestlaser.pl\/"},{"@type":"ListItem","position":2,"name":"szkolenia"}]},{"@type":"WebSite","@id":"https:\/\/www.bestlaser.pl\/#website","url":"https:\/\/www.bestlaser.pl\/","name":"URZ\u0104DZENIA KOSMETYCZNE","description":"","potentialAction":[{"@type":"SearchAction","target":{"@type":"EntryPoint","urlTemplate":"https:\/\/www.bestlaser.pl\/?s={search_term_string}"},"query-input":{"@type":"PropertyValueSpecification","valueRequired":true,"valueName":"search_term_string"}}],"inLanguage":"pl-PL"}]}},"_links":{"self":[{"href":"https:\/\/www.bestlaser.pl\/index.php\/wp-json\/wp\/v2\/pages\/98","targetHints":{"allow":["GET"]}}],"collection":[{"href":"https:\/\/www.bestlaser.pl\/index.php\/wp-json\/wp\/v2\/pages"}],"about":[{"href":"https:\/\/www.bestlaser.pl\/index.php\/wp-json\/wp\/v2\/types\/page"}],"author":[{"embeddable":true,"href":"https:\/\/www.bestlaser.pl\/index.php\/wp-json\/wp\/v2\/users\/1"}],"replies":[{"embeddable":true,"href":"https:\/\/www.bestlaser.pl\/index.php\/wp-json\/wp\/v2\/comments?post=98"}],"version-history":[{"count":2,"href":"https:\/\/www.bestlaser.pl\/index.php\/wp-json\/wp\/v2\/pages\/98\/revisions"}],"predecessor-version":[{"id":723,"href":"https:\/\/www.bestlaser.pl\/index.php\/wp-json\/wp\/v2\/pages\/98\/revisions\/723"}],"wp:attachment":[{"href":"https:\/\/www.bestlaser.pl\/index.php\/wp-json\/wp\/v2\/media?parent=98"}],"curies":[{"name":"wp","href":"https:\/\/api.w.org\/{rel}","templated":true}]}}