{"id":1170,"date":"2025-05-08T16:45:52","date_gmt":"2025-05-08T14:45:52","guid":{"rendered":"https:\/\/www.bestlaser.pl\/?post_type=product&#038;p=1170"},"modified":"2025-09-07T18:52:15","modified_gmt":"2025-09-07T16:52:15","slug":"laser-diodowy-4d","status":"publish","type":"product","link":"https:\/\/www.bestlaser.pl\/index.php\/produkt\/laser-diodowy-4d\/","title":{"rendered":"Laser diodowy &#8222;EPILIS-4D&#8221;"},"content":{"rendered":"<p style=\"text-align: justify;\">Laser diodowy \u201eEPILIS 4D\u201d wyposa\u017cony jest w g\u0142owic\u0119 czterowi\u0105zkow\u0105. Cztery d\u0142ugo\u015bci fal daje najlepszy wynik depilacji laserowej dla wszystkich typ\u00f3w sk\u00f3ry i wszystkich typ\u00f3w w\u0142os\u00f3w.<\/p>\n<p style=\"text-align: justify;\"><b><strong><img decoding=\"async\" class=\"alignright wp-image-10877\" src=\"https:\/\/laser.codesolution.pl\/wp-content\/uploads\/2025\/05\/4-fale.jpg\" sizes=\"(max-width: 542px) 100vw, 542px\" srcset=\"https:\/\/laser.codesolution.pl\/wp-content\/uploads\/2025\/05\/4-fale.jpg 980w, https:\/\/laser.codesolution.pl\/wp-content\/uploads\/2025\/05\/4-fale-300x183.jpg 300w, https:\/\/laser.codesolution.pl\/wp-content\/uploads\/2025\/05\/4-fale-768x468.jpg 768w, https:\/\/laser.codesolution.pl\/wp-content\/uploads\/2025\/05\/4-fale-148x90.jpg 148w\" alt=\"\" width=\"542\" height=\"330\" \/>D\u0142ugo\u015b\u0107 falli 755 nm<\/strong><\/b>\u00a0oferuje silniejsz\u0105 absorpcj\u0119 energii przez chromofor melaniny, dzi\u0119ki czemu jest idealny do jasnych i cienkich w\u0142os\u00f3w. Skupia si\u0119 na wypuk\u0142o\u015bci mieszka w\u0142osowego i jest szczeg\u00f3lnie skuteczny w przypadku w\u0142os\u00f3w osadzonych powierzchownie.<br \/>\n<b><strong>D\u0142ugo\u015b\u0107 falli 808 nm<\/strong><\/b>\u00a0to klasyczna d\u0142ugo\u015b\u0107 fali w laserowym usuwaniu w\u0142os\u00f3w, zapewnia g\u0142\u0119bok\u0105 penetracj\u0119 mieszka w\u0142osowego z wysok\u0105 \u015bredni\u0105 moc\u0105, odpowiedni\u0105 dla wi\u0119kszo\u015bci typ\u00f3w sk\u00f3ry i typ\u00f3w w\u0142os\u00f3w.<br \/>\n<b><strong>D\u0142ugo\u015b\u0107 falli 940 nm<\/strong><\/b>\u00a0zapewnia lepsz\u0105 absorpcj\u0119 przez oksyhemoglobin\u0119 (koagulacj\u0119 mikronaczy\u0144, kt\u00f3re od\u017cywiaj\u0105 korze\u0144 w\u0142osa) i umiarkowan\u0105 g\u0142\u0119boko\u015b\u0107 penetracji, dzi\u0119ki czemu nadaje si\u0119 do usuwania wszystkich typ\u00f3w w\u0142os\u00f3w. Absorpcja melaniny jest niska, dzi\u0119ki czemu jest bardzo bezpieczna do pracy z ciemnymi fototypami.<br \/>\n<b><strong>D\u0142ugo\u015b\u0107 falli 1064 nm<\/strong><\/b>\u00a0charakteryzuje si\u0119 ni\u017csz\u0105 absorpcj\u0105 melaniny, co czyni j\u0105 rozwi\u0105zaniem ukierunkowanym na ciemniejsze typy sk\u00f3ry. Jednocze\u015bnie d\u0142ugo\u015b\u0107 fali 1064 nm zapewnia najg\u0142\u0119bsz\u0105 penetracj\u0119 mieszk\u00f3w w\u0142osowych.<\/p>\n<p style=\"text-align: justify;\">Laser diodowy \u201eEPIL 4D +RF\u201d zosta\u0142 dodatkowo wyposa\u017cyli\u015bmy w fale radiowe o cz\u0119stotliwo\u015bci 2 Mhz, emitowane r\u00f3wnocze\u015bnie z impulsami \u015bwiat\u0142a. Uzyskali\u015bmy w ten spos\u00f3b maksymaln\u0105 skuteczno\u015b\u0107 zabieg\u00f3w epilacji. Radiofrekwencja o cz\u0119stotliwo\u015bci 2 Mhz i regulowanej mocy od 1 do 50 wat intensyfikuje dzia\u0142anie \u015bwiat\u0142a laserowego i jeszcze bardziej poprawia skuteczno\u015b\u0107 epilacji.<\/p>\n","protected":false},"excerpt":{"rendered":"<div class=\"fusion-text fusion-text-1\">\n<p style=\"text-align: justify;\">Najnowszy laser diodowy czterowi\u0105zkowy o mocy 3000 wat &#8222;EPILIS-4D&#8221; do skutecznej epilacji to urz\u0105dzenie zaprojektowane z my\u015bl\u0105 o najbardziej wymagaj\u0105cych specjalistach i klientach, kt\u00f3rzy oczekuj\u0105 najwy\u017cszych standard\u00f3w zabieg\u00f3w depilacyjnych. Laser diodowy \u201eEPILIS-4D\u201d\u00a0 dodatkowo wyposa\u017cyli\u015bmy w fale radiowe o cz\u0119stotliwo\u015bci 2 Mhz, emitowane r\u00f3wnocze\u015bnie z impulsami \u015bwiat\u0142a. Uzyskali\u015bmy w ten spos\u00f3b maksymaln\u0105 skuteczno\u015b\u0107 zabieg\u00f3w epilacji. Radiofrekwencja o cz\u0119stotliwo\u015bci 2 Mhz i regulowanej mocy od 1 do 50 wat intensyfikuje dzia\u0142anie \u015bwiat\u0142a laserowego i jeszcze bardziej poprawia skuteczno\u015b\u0107 epilacji.<\/p>\n<\/div>\n","protected":false},"featured_media":1305,"comment_status":"open","ping_status":"closed","template":"","meta":[],"product_brand":[],"product_cat":[19],"product_tag":[],"class_list":{"0":"post-1170","1":"product","2":"type-product","3":"status-publish","4":"has-post-thumbnail","6":"product_cat-lasery","8":"first","9":"instock","10":"shipping-taxable","11":"purchasable","12":"product-type-simple"},"yoast_head":"<!-- This site is optimized with the Yoast SEO plugin v27.3 - https:\/\/yoast.com\/product\/yoast-seo-wordpress\/ -->\n<title>Laser diodowy &quot;EPILIS-4D&quot; -<\/title>\n<meta name=\"robots\" content=\"index, follow, max-snippet:-1, max-image-preview:large, max-video-preview:-1\" \/>\n<link rel=\"canonical\" href=\"https:\/\/www.bestlaser.pl\/index.php\/produkt\/laser-diodowy-4d\/\" \/>\n<meta property=\"og:locale\" content=\"pl_PL\" \/>\n<meta property=\"og:type\" content=\"article\" \/>\n<meta property=\"og:title\" content=\"Laser diodowy &quot;EPILIS-4D&quot; -\" \/>\n<meta property=\"og:description\" content=\"Najnowszy laser diodowy czterowi\u0105zkowy o mocy 3000 wat &quot;EPILIS-4D&quot; do skutecznej epilacji to urz\u0105dzenie zaprojektowane z my\u015bl\u0105 o najbardziej wymagaj\u0105cych specjalistach i klientach, kt\u00f3rzy oczekuj\u0105 najwy\u017cszych standard\u00f3w zabieg\u00f3w depilacyjnych. Laser diodowy \u201eEPILIS-4D\u201d\u00a0 dodatkowo wyposa\u017cyli\u015bmy w fale radiowe o cz\u0119stotliwo\u015bci 2 Mhz, emitowane r\u00f3wnocze\u015bnie z impulsami \u015bwiat\u0142a. Uzyskali\u015bmy w ten spos\u00f3b maksymaln\u0105 skuteczno\u015b\u0107 zabieg\u00f3w epilacji. Radiofrekwencja o cz\u0119stotliwo\u015bci 2 Mhz i regulowanej mocy od 1 do 50 wat intensyfikuje dzia\u0142anie \u015bwiat\u0142a laserowego i jeszcze bardziej poprawia skuteczno\u015b\u0107 epilacji.\" \/>\n<meta property=\"og:url\" content=\"https:\/\/www.bestlaser.pl\/index.php\/produkt\/laser-diodowy-4d\/\" \/>\n<meta property=\"article:modified_time\" content=\"2025-09-07T16:52:15+00:00\" \/>\n<meta property=\"og:image\" content=\"https:\/\/www.bestlaser.pl\/wp-content\/uploads\/2025\/05\/9-3.jpg\" \/>\n\t<meta property=\"og:image:width\" content=\"900\" \/>\n\t<meta property=\"og:image:height\" content=\"1050\" \/>\n\t<meta property=\"og:image:type\" content=\"image\/jpeg\" \/>\n<meta name=\"twitter:card\" content=\"summary_large_image\" \/>\n<meta name=\"twitter:label1\" content=\"Szacowany czas czytania\" \/>\n\t<meta name=\"twitter:data1\" content=\"2 minuty\" \/>\n<script type=\"application\/ld+json\" class=\"yoast-schema-graph\">{\"@context\":\"https:\\\/\\\/schema.org\",\"@graph\":[{\"@type\":\"WebPage\",\"@id\":\"https:\\\/\\\/www.bestlaser.pl\\\/index.php\\\/produkt\\\/laser-diodowy-4d\\\/\",\"url\":\"https:\\\/\\\/www.bestlaser.pl\\\/index.php\\\/produkt\\\/laser-diodowy-4d\\\/\",\"name\":\"Laser diodowy \\\"EPILIS-4D\\\" -\",\"isPartOf\":{\"@id\":\"https:\\\/\\\/www.bestlaser.pl\\\/#website\"},\"primaryImageOfPage\":{\"@id\":\"https:\\\/\\\/www.bestlaser.pl\\\/index.php\\\/produkt\\\/laser-diodowy-4d\\\/#primaryimage\"},\"image\":{\"@id\":\"https:\\\/\\\/www.bestlaser.pl\\\/index.php\\\/produkt\\\/laser-diodowy-4d\\\/#primaryimage\"},\"thumbnailUrl\":\"https:\\\/\\\/www.bestlaser.pl\\\/wp-content\\\/uploads\\\/2025\\\/05\\\/9-3.jpg\",\"datePublished\":\"2025-05-08T14:45:52+00:00\",\"dateModified\":\"2025-09-07T16:52:15+00:00\",\"breadcrumb\":{\"@id\":\"https:\\\/\\\/www.bestlaser.pl\\\/index.php\\\/produkt\\\/laser-diodowy-4d\\\/#breadcrumb\"},\"inLanguage\":\"pl-PL\",\"potentialAction\":[{\"@type\":\"ReadAction\",\"target\":[\"https:\\\/\\\/www.bestlaser.pl\\\/index.php\\\/produkt\\\/laser-diodowy-4d\\\/\"]}]},{\"@type\":\"ImageObject\",\"inLanguage\":\"pl-PL\",\"@id\":\"https:\\\/\\\/www.bestlaser.pl\\\/index.php\\\/produkt\\\/laser-diodowy-4d\\\/#primaryimage\",\"url\":\"https:\\\/\\\/www.bestlaser.pl\\\/wp-content\\\/uploads\\\/2025\\\/05\\\/9-3.jpg\",\"contentUrl\":\"https:\\\/\\\/www.bestlaser.pl\\\/wp-content\\\/uploads\\\/2025\\\/05\\\/9-3.jpg\",\"width\":900,\"height\":1050},{\"@type\":\"BreadcrumbList\",\"@id\":\"https:\\\/\\\/www.bestlaser.pl\\\/index.php\\\/produkt\\\/laser-diodowy-4d\\\/#breadcrumb\",\"itemListElement\":[{\"@type\":\"ListItem\",\"position\":1,\"name\":\"Strona g\u0142\u00f3wna\",\"item\":\"https:\\\/\\\/www.bestlaser.pl\\\/\"},{\"@type\":\"ListItem\",\"position\":2,\"name\":\"&#8221;BEST &#8211; LASER&#8221; najlepsze z najlepszych\",\"item\":\"https:\\\/\\\/www.bestlaser.pl\\\/\"},{\"@type\":\"ListItem\",\"position\":3,\"name\":\"Laser diodowy &#8222;EPILIS-4D&#8221;\"}]},{\"@type\":\"WebSite\",\"@id\":\"https:\\\/\\\/www.bestlaser.pl\\\/#website\",\"url\":\"https:\\\/\\\/www.bestlaser.pl\\\/\",\"name\":\"URZ\u0104DZENIA KOSMETYCZNE\",\"description\":\"\",\"potentialAction\":[{\"@type\":\"SearchAction\",\"target\":{\"@type\":\"EntryPoint\",\"urlTemplate\":\"https:\\\/\\\/www.bestlaser.pl\\\/?s={search_term_string}\"},\"query-input\":{\"@type\":\"PropertyValueSpecification\",\"valueRequired\":true,\"valueName\":\"search_term_string\"}}],\"inLanguage\":\"pl-PL\"}]}<\/script>\n<!-- \/ Yoast SEO plugin. -->","yoast_head_json":{"title":"Laser diodowy \"EPILIS-4D\" -","robots":{"index":"index","follow":"follow","max-snippet":"max-snippet:-1","max-image-preview":"max-image-preview:large","max-video-preview":"max-video-preview:-1"},"canonical":"https:\/\/www.bestlaser.pl\/index.php\/produkt\/laser-diodowy-4d\/","og_locale":"pl_PL","og_type":"article","og_title":"Laser diodowy \"EPILIS-4D\" -","og_description":"Najnowszy laser diodowy czterowi\u0105zkowy o mocy 3000 wat \"EPILIS-4D\" do skutecznej epilacji to urz\u0105dzenie zaprojektowane z my\u015bl\u0105 o najbardziej wymagaj\u0105cych specjalistach i klientach, kt\u00f3rzy oczekuj\u0105 najwy\u017cszych standard\u00f3w zabieg\u00f3w depilacyjnych. Laser diodowy \u201eEPILIS-4D\u201d\u00a0 dodatkowo wyposa\u017cyli\u015bmy w fale radiowe o cz\u0119stotliwo\u015bci 2 Mhz, emitowane r\u00f3wnocze\u015bnie z impulsami \u015bwiat\u0142a. Uzyskali\u015bmy w ten spos\u00f3b maksymaln\u0105 skuteczno\u015b\u0107 zabieg\u00f3w epilacji. Radiofrekwencja o cz\u0119stotliwo\u015bci 2 Mhz i regulowanej mocy od 1 do 50 wat intensyfikuje dzia\u0142anie \u015bwiat\u0142a laserowego i jeszcze bardziej poprawia skuteczno\u015b\u0107 epilacji.","og_url":"https:\/\/www.bestlaser.pl\/index.php\/produkt\/laser-diodowy-4d\/","article_modified_time":"2025-09-07T16:52:15+00:00","og_image":[{"width":900,"height":1050,"url":"https:\/\/www.bestlaser.pl\/wp-content\/uploads\/2025\/05\/9-3.jpg","type":"image\/jpeg"}],"twitter_card":"summary_large_image","twitter_misc":{"Szacowany czas czytania":"2 minuty"},"schema":{"@context":"https:\/\/schema.org","@graph":[{"@type":"WebPage","@id":"https:\/\/www.bestlaser.pl\/index.php\/produkt\/laser-diodowy-4d\/","url":"https:\/\/www.bestlaser.pl\/index.php\/produkt\/laser-diodowy-4d\/","name":"Laser diodowy \"EPILIS-4D\" -","isPartOf":{"@id":"https:\/\/www.bestlaser.pl\/#website"},"primaryImageOfPage":{"@id":"https:\/\/www.bestlaser.pl\/index.php\/produkt\/laser-diodowy-4d\/#primaryimage"},"image":{"@id":"https:\/\/www.bestlaser.pl\/index.php\/produkt\/laser-diodowy-4d\/#primaryimage"},"thumbnailUrl":"https:\/\/www.bestlaser.pl\/wp-content\/uploads\/2025\/05\/9-3.jpg","datePublished":"2025-05-08T14:45:52+00:00","dateModified":"2025-09-07T16:52:15+00:00","breadcrumb":{"@id":"https:\/\/www.bestlaser.pl\/index.php\/produkt\/laser-diodowy-4d\/#breadcrumb"},"inLanguage":"pl-PL","potentialAction":[{"@type":"ReadAction","target":["https:\/\/www.bestlaser.pl\/index.php\/produkt\/laser-diodowy-4d\/"]}]},{"@type":"ImageObject","inLanguage":"pl-PL","@id":"https:\/\/www.bestlaser.pl\/index.php\/produkt\/laser-diodowy-4d\/#primaryimage","url":"https:\/\/www.bestlaser.pl\/wp-content\/uploads\/2025\/05\/9-3.jpg","contentUrl":"https:\/\/www.bestlaser.pl\/wp-content\/uploads\/2025\/05\/9-3.jpg","width":900,"height":1050},{"@type":"BreadcrumbList","@id":"https:\/\/www.bestlaser.pl\/index.php\/produkt\/laser-diodowy-4d\/#breadcrumb","itemListElement":[{"@type":"ListItem","position":1,"name":"Strona g\u0142\u00f3wna","item":"https:\/\/www.bestlaser.pl\/"},{"@type":"ListItem","position":2,"name":"&#8221;BEST &#8211; LASER&#8221; najlepsze z najlepszych","item":"https:\/\/www.bestlaser.pl\/"},{"@type":"ListItem","position":3,"name":"Laser diodowy &#8222;EPILIS-4D&#8221;"}]},{"@type":"WebSite","@id":"https:\/\/www.bestlaser.pl\/#website","url":"https:\/\/www.bestlaser.pl\/","name":"URZ\u0104DZENIA KOSMETYCZNE","description":"","potentialAction":[{"@type":"SearchAction","target":{"@type":"EntryPoint","urlTemplate":"https:\/\/www.bestlaser.pl\/?s={search_term_string}"},"query-input":{"@type":"PropertyValueSpecification","valueRequired":true,"valueName":"search_term_string"}}],"inLanguage":"pl-PL"}]}},"_links":{"self":[{"href":"https:\/\/www.bestlaser.pl\/index.php\/wp-json\/wp\/v2\/product\/1170","targetHints":{"allow":["GET"]}}],"collection":[{"href":"https:\/\/www.bestlaser.pl\/index.php\/wp-json\/wp\/v2\/product"}],"about":[{"href":"https:\/\/www.bestlaser.pl\/index.php\/wp-json\/wp\/v2\/types\/product"}],"replies":[{"embeddable":true,"href":"https:\/\/www.bestlaser.pl\/index.php\/wp-json\/wp\/v2\/comments?post=1170"}],"wp:featuredmedia":[{"embeddable":true,"href":"https:\/\/www.bestlaser.pl\/index.php\/wp-json\/wp\/v2\/media\/1305"}],"wp:attachment":[{"href":"https:\/\/www.bestlaser.pl\/index.php\/wp-json\/wp\/v2\/media?parent=1170"}],"wp:term":[{"taxonomy":"product_brand","embeddable":true,"href":"https:\/\/www.bestlaser.pl\/index.php\/wp-json\/wp\/v2\/product_brand?post=1170"},{"taxonomy":"product_cat","embeddable":true,"href":"https:\/\/www.bestlaser.pl\/index.php\/wp-json\/wp\/v2\/product_cat?post=1170"},{"taxonomy":"product_tag","embeddable":true,"href":"https:\/\/www.bestlaser.pl\/index.php\/wp-json\/wp\/v2\/product_tag?post=1170"}],"curies":[{"name":"wp","href":"https:\/\/api.w.org\/{rel}","templated":true}]}}