{"id":1263,"date":"2025-09-07T10:54:56","date_gmt":"2025-09-07T08:54:56","guid":{"rendered":"https:\/\/www.bestlaser.pl\/?post_type=product&#038;p=1263"},"modified":"2026-03-02T07:46:52","modified_gmt":"2026-03-02T06:46:52","slug":"laser-frakcyjny-co2","status":"publish","type":"product","link":"https:\/\/www.bestlaser.pl\/index.php\/produkt\/laser-frakcyjny-co2\/","title":{"rendered":"Laser frakcyjny CO2- &#8222;RENOVAL-60&#8221;"},"content":{"rendered":"<p>Laser frakcyjny CO2 &#8211; &#8222;RENOVAL-60&#8243;\u2033 to bezkonkurencyjne urz\u0105dzenie do odm\u0142adzania sk\u00f3ry, usuwania zmarszczek, rozst\u0119p\u00f3w i blizn oraz zmian sk\u00f3rnych, kt\u00f3rego skuteczno\u015b\u0107 i niezawodno\u015b\u0107 zosta\u0142a potwierdzona przez naszych klient\u00f3w.<br \/>\nLaser CO2 o mocy 60 Wat jest przeznaczony do pracy w gabinetach medycyny esyetycznej i kosmetycznych. Przede wszystkim g\u0142\u0119bokie frakcyjne dzia\u0142anie naszego lasera znakomicie pobudza kom\u00f3rki do odbudowy i bez w\u0105tpienia pomaga likwidowa\u0107 niedoskona\u0142o\u015bci sk\u00f3ry. Dzi\u0119ki swojej wysokiej mocy i niezawodno\u015bci cieszy si\u0119 uznaniem w wielu klinikach i gabinetach medycyny estetycznej. Ablacja sk\u00f3ry z wykorzystaniem naszego lasera CO2 jest wysoce precyzyjna, mo\u017ce by\u0107 mierzona w mikrometrach. W zwi\u0105zku z tym bezpiecznie i delikatnie usuwamy r\u00f3\u017cnorodne zmiany sk\u00f3rne na poziomie nask\u00f3rka i sk\u00f3ry w\u0142a\u015bciwej. Mo\u017cemy dzia\u0142a\u0107 nieablacyjnie lub doprowadzi\u0107 do pe\u0142nej ablacji sk\u00f3ry \u2013 resutfacingu. <strong>Resurfacing<\/strong>\u00a0<b>pozwala na odbudow\u0119 sk\u00f3ry twarzy i jej wyra\u017ane odm\u0142odzenie<\/b>. Mo\u017cemy pracowa\u0107 w du\u017cym zakresie g\u0142\u0119boko\u015bci ablacji od 0,1 do 2,5 mm na r\u00f3\u017cnych powierzchniach do 20 x 20 mm w konfiguracji skanowania: okr\u0105g, tr\u00f3jk\u0105t, kwadrat, prostok\u0105t, sze\u015bciok\u0105t, elipsa, linia.<\/p>\n","protected":false},"excerpt":{"rendered":"<p style=\"text-align: justify;\">Nasz laser frakcyjny CO2 &#8211; RENOVAL-60\u201d o mocy 60wat naprawd\u0119 dzia\u0142a. Rewelacyjnie wp\u0142ywa na g\u0142\u0119bokie zmarszczki i blizny, zapewnia doskona\u0142\u0105 popraw\u0119 drobnych linii. Polecamy go ka\u017cdemu, kto chce odm\u0142odzi\u0107 wygl\u0105d sk\u00f3ry oraz zredukowa\u0107 przebarwienia i rozst\u0119py. Laser frakcyjny CO2 posiada pozytywn\u0105 opini\u0119 nie tylko w walce ze zmarszczkami, ale r\u00f3wnie\u017c doskonale radzi sobie z bliznami potr\u0105dzikowymi, pooperacyjnymi oraz po oparzeniach.<\/p>\n","protected":false},"featured_media":1289,"comment_status":"open","ping_status":"closed","template":"","meta":[],"product_brand":[],"product_cat":[20],"product_tag":[],"class_list":{"0":"post-1263","1":"product","2":"type-product","3":"status-publish","4":"has-post-thumbnail","6":"product_cat-frakcyjne","8":"first","9":"instock","10":"shipping-taxable","11":"purchasable","12":"product-type-simple"},"yoast_head":"<!-- This site is optimized with the Yoast SEO plugin v27.3 - https:\/\/yoast.com\/product\/yoast-seo-wordpress\/ -->\n<title>Laser frakcyjny CO2- &quot;RENOVAL-60&quot; -<\/title>\n<meta name=\"robots\" content=\"index, follow, max-snippet:-1, max-image-preview:large, max-video-preview:-1\" \/>\n<link rel=\"canonical\" href=\"https:\/\/www.bestlaser.pl\/index.php\/produkt\/laser-frakcyjny-co2\/\" \/>\n<meta property=\"og:locale\" content=\"pl_PL\" \/>\n<meta property=\"og:type\" content=\"article\" \/>\n<meta property=\"og:title\" content=\"Laser frakcyjny CO2- &quot;RENOVAL-60&quot; -\" \/>\n<meta property=\"og:description\" content=\"Nasz laser frakcyjny CO2 - RENOVAL-60\u201d o mocy 60wat naprawd\u0119 dzia\u0142a. Rewelacyjnie wp\u0142ywa na g\u0142\u0119bokie zmarszczki i blizny, zapewnia doskona\u0142\u0105 popraw\u0119 drobnych linii. Polecamy go ka\u017cdemu, kto chce odm\u0142odzi\u0107 wygl\u0105d sk\u00f3ry oraz zredukowa\u0107 przebarwienia i rozst\u0119py. Laser frakcyjny CO2 posiada pozytywn\u0105 opini\u0119 nie tylko w walce ze zmarszczkami, ale r\u00f3wnie\u017c doskonale radzi sobie z bliznami potr\u0105dzikowymi, pooperacyjnymi oraz po oparzeniach.\" \/>\n<meta property=\"og:url\" content=\"https:\/\/www.bestlaser.pl\/index.php\/produkt\/laser-frakcyjny-co2\/\" \/>\n<meta property=\"article:modified_time\" content=\"2026-03-02T06:46:52+00:00\" \/>\n<meta property=\"og:image\" content=\"https:\/\/www.bestlaser.pl\/wp-content\/uploads\/2025\/09\/co2-1.jpg\" \/>\n\t<meta property=\"og:image:width\" content=\"900\" \/>\n\t<meta property=\"og:image:height\" content=\"1050\" \/>\n\t<meta property=\"og:image:type\" content=\"image\/jpeg\" \/>\n<meta name=\"twitter:card\" content=\"summary_large_image\" \/>\n<meta name=\"twitter:label1\" content=\"Szacowany czas czytania\" \/>\n\t<meta name=\"twitter:data1\" content=\"2 minuty\" \/>\n<script type=\"application\/ld+json\" class=\"yoast-schema-graph\">{\"@context\":\"https:\\\/\\\/schema.org\",\"@graph\":[{\"@type\":\"WebPage\",\"@id\":\"https:\\\/\\\/www.bestlaser.pl\\\/index.php\\\/produkt\\\/laser-frakcyjny-co2\\\/\",\"url\":\"https:\\\/\\\/www.bestlaser.pl\\\/index.php\\\/produkt\\\/laser-frakcyjny-co2\\\/\",\"name\":\"Laser frakcyjny CO2- \\\"RENOVAL-60\\\" -\",\"isPartOf\":{\"@id\":\"https:\\\/\\\/www.bestlaser.pl\\\/#website\"},\"primaryImageOfPage\":{\"@id\":\"https:\\\/\\\/www.bestlaser.pl\\\/index.php\\\/produkt\\\/laser-frakcyjny-co2\\\/#primaryimage\"},\"image\":{\"@id\":\"https:\\\/\\\/www.bestlaser.pl\\\/index.php\\\/produkt\\\/laser-frakcyjny-co2\\\/#primaryimage\"},\"thumbnailUrl\":\"https:\\\/\\\/www.bestlaser.pl\\\/wp-content\\\/uploads\\\/2025\\\/09\\\/co2-1.jpg\",\"datePublished\":\"2025-09-07T08:54:56+00:00\",\"dateModified\":\"2026-03-02T06:46:52+00:00\",\"breadcrumb\":{\"@id\":\"https:\\\/\\\/www.bestlaser.pl\\\/index.php\\\/produkt\\\/laser-frakcyjny-co2\\\/#breadcrumb\"},\"inLanguage\":\"pl-PL\",\"potentialAction\":[{\"@type\":\"ReadAction\",\"target\":[\"https:\\\/\\\/www.bestlaser.pl\\\/index.php\\\/produkt\\\/laser-frakcyjny-co2\\\/\"]}]},{\"@type\":\"ImageObject\",\"inLanguage\":\"pl-PL\",\"@id\":\"https:\\\/\\\/www.bestlaser.pl\\\/index.php\\\/produkt\\\/laser-frakcyjny-co2\\\/#primaryimage\",\"url\":\"https:\\\/\\\/www.bestlaser.pl\\\/wp-content\\\/uploads\\\/2025\\\/09\\\/co2-1.jpg\",\"contentUrl\":\"https:\\\/\\\/www.bestlaser.pl\\\/wp-content\\\/uploads\\\/2025\\\/09\\\/co2-1.jpg\",\"width\":900,\"height\":1050,\"caption\":\"laser frakcyjny co2\"},{\"@type\":\"BreadcrumbList\",\"@id\":\"https:\\\/\\\/www.bestlaser.pl\\\/index.php\\\/produkt\\\/laser-frakcyjny-co2\\\/#breadcrumb\",\"itemListElement\":[{\"@type\":\"ListItem\",\"position\":1,\"name\":\"Strona g\u0142\u00f3wna\",\"item\":\"https:\\\/\\\/www.bestlaser.pl\\\/\"},{\"@type\":\"ListItem\",\"position\":2,\"name\":\"&#8221;BEST &#8211; LASER&#8221; najlepsze z najlepszych\",\"item\":\"https:\\\/\\\/www.bestlaser.pl\\\/\"},{\"@type\":\"ListItem\",\"position\":3,\"name\":\"Laser frakcyjny CO2- &#8222;RENOVAL-60&#8221;\"}]},{\"@type\":\"WebSite\",\"@id\":\"https:\\\/\\\/www.bestlaser.pl\\\/#website\",\"url\":\"https:\\\/\\\/www.bestlaser.pl\\\/\",\"name\":\"URZ\u0104DZENIA KOSMETYCZNE\",\"description\":\"\",\"potentialAction\":[{\"@type\":\"SearchAction\",\"target\":{\"@type\":\"EntryPoint\",\"urlTemplate\":\"https:\\\/\\\/www.bestlaser.pl\\\/?s={search_term_string}\"},\"query-input\":{\"@type\":\"PropertyValueSpecification\",\"valueRequired\":true,\"valueName\":\"search_term_string\"}}],\"inLanguage\":\"pl-PL\"}]}<\/script>\n<!-- \/ Yoast SEO plugin. -->","yoast_head_json":{"title":"Laser frakcyjny CO2- \"RENOVAL-60\" -","robots":{"index":"index","follow":"follow","max-snippet":"max-snippet:-1","max-image-preview":"max-image-preview:large","max-video-preview":"max-video-preview:-1"},"canonical":"https:\/\/www.bestlaser.pl\/index.php\/produkt\/laser-frakcyjny-co2\/","og_locale":"pl_PL","og_type":"article","og_title":"Laser frakcyjny CO2- \"RENOVAL-60\" -","og_description":"Nasz laser frakcyjny CO2 - RENOVAL-60\u201d o mocy 60wat naprawd\u0119 dzia\u0142a. Rewelacyjnie wp\u0142ywa na g\u0142\u0119bokie zmarszczki i blizny, zapewnia doskona\u0142\u0105 popraw\u0119 drobnych linii. Polecamy go ka\u017cdemu, kto chce odm\u0142odzi\u0107 wygl\u0105d sk\u00f3ry oraz zredukowa\u0107 przebarwienia i rozst\u0119py. Laser frakcyjny CO2 posiada pozytywn\u0105 opini\u0119 nie tylko w walce ze zmarszczkami, ale r\u00f3wnie\u017c doskonale radzi sobie z bliznami potr\u0105dzikowymi, pooperacyjnymi oraz po oparzeniach.","og_url":"https:\/\/www.bestlaser.pl\/index.php\/produkt\/laser-frakcyjny-co2\/","article_modified_time":"2026-03-02T06:46:52+00:00","og_image":[{"width":900,"height":1050,"url":"https:\/\/www.bestlaser.pl\/wp-content\/uploads\/2025\/09\/co2-1.jpg","type":"image\/jpeg"}],"twitter_card":"summary_large_image","twitter_misc":{"Szacowany czas czytania":"2 minuty"},"schema":{"@context":"https:\/\/schema.org","@graph":[{"@type":"WebPage","@id":"https:\/\/www.bestlaser.pl\/index.php\/produkt\/laser-frakcyjny-co2\/","url":"https:\/\/www.bestlaser.pl\/index.php\/produkt\/laser-frakcyjny-co2\/","name":"Laser frakcyjny CO2- \"RENOVAL-60\" -","isPartOf":{"@id":"https:\/\/www.bestlaser.pl\/#website"},"primaryImageOfPage":{"@id":"https:\/\/www.bestlaser.pl\/index.php\/produkt\/laser-frakcyjny-co2\/#primaryimage"},"image":{"@id":"https:\/\/www.bestlaser.pl\/index.php\/produkt\/laser-frakcyjny-co2\/#primaryimage"},"thumbnailUrl":"https:\/\/www.bestlaser.pl\/wp-content\/uploads\/2025\/09\/co2-1.jpg","datePublished":"2025-09-07T08:54:56+00:00","dateModified":"2026-03-02T06:46:52+00:00","breadcrumb":{"@id":"https:\/\/www.bestlaser.pl\/index.php\/produkt\/laser-frakcyjny-co2\/#breadcrumb"},"inLanguage":"pl-PL","potentialAction":[{"@type":"ReadAction","target":["https:\/\/www.bestlaser.pl\/index.php\/produkt\/laser-frakcyjny-co2\/"]}]},{"@type":"ImageObject","inLanguage":"pl-PL","@id":"https:\/\/www.bestlaser.pl\/index.php\/produkt\/laser-frakcyjny-co2\/#primaryimage","url":"https:\/\/www.bestlaser.pl\/wp-content\/uploads\/2025\/09\/co2-1.jpg","contentUrl":"https:\/\/www.bestlaser.pl\/wp-content\/uploads\/2025\/09\/co2-1.jpg","width":900,"height":1050,"caption":"laser frakcyjny co2"},{"@type":"BreadcrumbList","@id":"https:\/\/www.bestlaser.pl\/index.php\/produkt\/laser-frakcyjny-co2\/#breadcrumb","itemListElement":[{"@type":"ListItem","position":1,"name":"Strona g\u0142\u00f3wna","item":"https:\/\/www.bestlaser.pl\/"},{"@type":"ListItem","position":2,"name":"&#8221;BEST &#8211; LASER&#8221; najlepsze z najlepszych","item":"https:\/\/www.bestlaser.pl\/"},{"@type":"ListItem","position":3,"name":"Laser frakcyjny CO2- &#8222;RENOVAL-60&#8221;"}]},{"@type":"WebSite","@id":"https:\/\/www.bestlaser.pl\/#website","url":"https:\/\/www.bestlaser.pl\/","name":"URZ\u0104DZENIA KOSMETYCZNE","description":"","potentialAction":[{"@type":"SearchAction","target":{"@type":"EntryPoint","urlTemplate":"https:\/\/www.bestlaser.pl\/?s={search_term_string}"},"query-input":{"@type":"PropertyValueSpecification","valueRequired":true,"valueName":"search_term_string"}}],"inLanguage":"pl-PL"}]}},"_links":{"self":[{"href":"https:\/\/www.bestlaser.pl\/index.php\/wp-json\/wp\/v2\/product\/1263","targetHints":{"allow":["GET"]}}],"collection":[{"href":"https:\/\/www.bestlaser.pl\/index.php\/wp-json\/wp\/v2\/product"}],"about":[{"href":"https:\/\/www.bestlaser.pl\/index.php\/wp-json\/wp\/v2\/types\/product"}],"replies":[{"embeddable":true,"href":"https:\/\/www.bestlaser.pl\/index.php\/wp-json\/wp\/v2\/comments?post=1263"}],"wp:featuredmedia":[{"embeddable":true,"href":"https:\/\/www.bestlaser.pl\/index.php\/wp-json\/wp\/v2\/media\/1289"}],"wp:attachment":[{"href":"https:\/\/www.bestlaser.pl\/index.php\/wp-json\/wp\/v2\/media?parent=1263"}],"wp:term":[{"taxonomy":"product_brand","embeddable":true,"href":"https:\/\/www.bestlaser.pl\/index.php\/wp-json\/wp\/v2\/product_brand?post=1263"},{"taxonomy":"product_cat","embeddable":true,"href":"https:\/\/www.bestlaser.pl\/index.php\/wp-json\/wp\/v2\/product_cat?post=1263"},{"taxonomy":"product_tag","embeddable":true,"href":"https:\/\/www.bestlaser.pl\/index.php\/wp-json\/wp\/v2\/product_tag?post=1263"}],"curies":[{"name":"wp","href":"https:\/\/api.w.org\/{rel}","templated":true}]}}