{"id":1269,"date":"2025-09-07T11:03:35","date_gmt":"2025-09-07T09:03:35","guid":{"rendered":"https:\/\/www.bestlaser.pl\/?post_type=product&#038;p=1269"},"modified":"2026-03-02T07:46:35","modified_gmt":"2026-03-02T06:46:35","slug":"laser-aleksandrytowy","status":"publish","type":"product","link":"https:\/\/www.bestlaser.pl\/index.php\/produkt\/laser-aleksandrytowy\/","title":{"rendered":"Laser Aleksandrytowy"},"content":{"rendered":"<div class=\"fusion-text fusion-text-5\">\n<p style=\"text-align: justify;\">Przedstawiamy najnowszej generacji Laser Aleksandrytowy z laserem Nd Yag, kt\u00f3ry wprowadza rewolucj\u0119 w \u015bwiecie medycyny estetycznej. Innowacyjne rozwi\u0105zanie, kt\u00f3re wyznacza nowe standardy w usuwanieu w\u0142os\u00f3w oraz usuwaniu zmian naczyniowych: paj\u0105czki i naczynia krwiono\u015bne, punkty rubinowe, naczyniaki gwia\u017adziste, rumie\u0144, teleangiektazje.<\/p>\n<\/div>\n<div class=\"fusion-text fusion-text-6\">\n<p style=\"text-align: justify;\"><b><strong>Laser Aleksandrytowy 755 nm \u2013 perfekcyjne usuwanie w\u0142os\u00f3w.<\/strong><\/b><\/p>\n<p style=\"text-align: justify;\">Depilacja laserem aleksandrytowym jest uwa\u017cana za najskuteczniejsz\u0105 i najtrwalsz\u0105 w\u015br\u00f3d metod usuwania w\u0142osk\u00f3w. Metoda jest opierta na zasadzie selektywnej fototermolizy. Impulsy \u015bwiat\u0142o lasera poch\u0142aniane przez melanin\u0119 s\u0105 absorbowana przez tkank\u0119 mieszka w\u0142osowego i zamieniana na ciep\u0142o, co powoduje trwa\u0142e uszkodzenie kom\u00f3rek macierzystych w\u0142osa. Precyzyjnie ustawiamy energi\u0119 wi\u0105zki lasera w zakresie: 10 \u2013 100 J oraz czas impuls\u00f3w od 0.25 do 100ms. G\u0142owica lasera wyposa\u017cona jest w osiem nasadek dzi\u0119ki kt\u00f3rym mo\u017cemy dobra\u0107 pole zabiegowe od 4 do 18 mm. Nasadki pe\u0142ni\u0105 r\u00f3wnie\u017c funkcj\u0119 ch\u0142odzenia sk\u00f3ry.<\/p>\n<p style=\"text-align: justify;\">Laser aleksandrytowy\u00a0jest uwa\u017cany za bezpieczniejszy ni\u017c inne dost\u0119pne na rynku laserowe metody depilacji, poniewa\u017c nie ma skutk\u00f3w ubocznych i nie powoduje \u017cadnych podra\u017cnie\u0144.<\/p>\n<p style=\"text-align: justify;\"><b><strong>Laser ND:YAG LONG PULSE 1064 nm j<\/strong><\/b>est najbardziej zaawansowanym technologicznie laserem przeznaczonym do usuwania zmian naczyniowych: paj\u0105czki i naczynia krwiono\u015bne, punkty rubinowe, naczyniaki gwia\u017adziste, rumie\u0144, teleangiektazje. Laser LONG PULSE uzyskuje najlepsze efekty w usuwaniu naczynek poniewa\u017c generuje impulsy o szeroko\u015bci mierzonej w milisekundach od 0.25 do 100ms. Odpowiedni\u0105 do wielko\u015bci naczynka energi\u0119 w punkcie mo\u017cna ustawi\u0107 w zakresie od 1 do 160 J. \u017badne dost\u0119pne urz\u0105dzenie nie mo\u017ce r\u00f3wna\u0107 si\u0119 ze skuteczno\u015bci\u0105 \u201eLONG PULSE\u201d w usuwaniu zmian naczyniowych. Sterowanie laserem odbywa si\u0119 na du\u017cym dziesi\u0119ciocalowym ekranie kolorowym.<\/p>\n<\/div>\n","protected":false},"excerpt":{"rendered":"<p style=\"text-align: justify;\">Przedstawiamy najnowszej generacji Laser Aleksandrytowy z laserem Nd Yag, kt\u00f3ry wprowadza rewolucj\u0119 w \u015bwiecie medycyny estetycznej. Innowacyjne rozwi\u0105zanie, kt\u00f3re wyznacza nowe standardy w usuwanieu w\u0142os\u00f3w oraz usuwaniu zmian naczyniowych: paj\u0105czki i naczynia krwiono\u015bne, punkty rubinowe, naczyniaki gwia\u017adziste, rumie\u0144, teleangiektazje.<\/p>\n<p style=\"text-align: justify;\">Niezawodno\u015b\u0107 i d\u0142ugi okres eksploatacji zapewnia najwy\u017cszy standard klasy PREMIUM.<\/p>\n","protected":false},"featured_media":1303,"comment_status":"open","ping_status":"closed","template":"","meta":[],"product_brand":[],"product_cat":[18],"product_tag":[],"class_list":{"0":"post-1269","1":"product","2":"type-product","3":"status-publish","4":"has-post-thumbnail","6":"product_cat-bez-kategorii","8":"first","9":"instock","10":"shipping-taxable","11":"purchasable","12":"product-type-simple"},"yoast_head":"<!-- This site is optimized with the Yoast SEO plugin v27.3 - https:\/\/yoast.com\/product\/yoast-seo-wordpress\/ -->\n<title>Laser Aleksandrytowy -<\/title>\n<meta name=\"robots\" content=\"index, follow, max-snippet:-1, max-image-preview:large, max-video-preview:-1\" \/>\n<link rel=\"canonical\" href=\"https:\/\/www.bestlaser.pl\/index.php\/produkt\/laser-aleksandrytowy\/\" \/>\n<meta property=\"og:locale\" content=\"pl_PL\" \/>\n<meta property=\"og:type\" content=\"article\" \/>\n<meta property=\"og:title\" content=\"Laser Aleksandrytowy -\" \/>\n<meta property=\"og:description\" content=\"Przedstawiamy najnowszej generacji Laser Aleksandrytowy z laserem Nd Yag, kt\u00f3ry wprowadza rewolucj\u0119 w \u015bwiecie medycyny estetycznej. Innowacyjne rozwi\u0105zanie, kt\u00f3re wyznacza nowe standardy w usuwanieu w\u0142os\u00f3w oraz usuwaniu zmian naczyniowych: paj\u0105czki i naczynia krwiono\u015bne, punkty rubinowe, naczyniaki gwia\u017adziste, rumie\u0144, teleangiektazje. Niezawodno\u015b\u0107 i d\u0142ugi okres eksploatacji zapewnia najwy\u017cszy standard klasy PREMIUM.\" \/>\n<meta property=\"og:url\" content=\"https:\/\/www.bestlaser.pl\/index.php\/produkt\/laser-aleksandrytowy\/\" \/>\n<meta property=\"article:modified_time\" content=\"2026-03-02T06:46:35+00:00\" \/>\n<meta property=\"og:image\" content=\"https:\/\/www.bestlaser.pl\/wp-content\/uploads\/2025\/09\/10.jpg\" \/>\n\t<meta property=\"og:image:width\" content=\"900\" \/>\n\t<meta property=\"og:image:height\" content=\"1050\" \/>\n\t<meta property=\"og:image:type\" content=\"image\/jpeg\" \/>\n<meta name=\"twitter:card\" content=\"summary_large_image\" \/>\n<meta name=\"twitter:label1\" content=\"Szacowany czas czytania\" \/>\n\t<meta name=\"twitter:data1\" content=\"2 minuty\" \/>\n<script type=\"application\/ld+json\" class=\"yoast-schema-graph\">{\"@context\":\"https:\\\/\\\/schema.org\",\"@graph\":[{\"@type\":\"WebPage\",\"@id\":\"https:\\\/\\\/www.bestlaser.pl\\\/index.php\\\/produkt\\\/laser-aleksandrytowy\\\/\",\"url\":\"https:\\\/\\\/www.bestlaser.pl\\\/index.php\\\/produkt\\\/laser-aleksandrytowy\\\/\",\"name\":\"Laser Aleksandrytowy -\",\"isPartOf\":{\"@id\":\"https:\\\/\\\/www.bestlaser.pl\\\/#website\"},\"primaryImageOfPage\":{\"@id\":\"https:\\\/\\\/www.bestlaser.pl\\\/index.php\\\/produkt\\\/laser-aleksandrytowy\\\/#primaryimage\"},\"image\":{\"@id\":\"https:\\\/\\\/www.bestlaser.pl\\\/index.php\\\/produkt\\\/laser-aleksandrytowy\\\/#primaryimage\"},\"thumbnailUrl\":\"https:\\\/\\\/www.bestlaser.pl\\\/wp-content\\\/uploads\\\/2025\\\/09\\\/10.jpg\",\"datePublished\":\"2025-09-07T09:03:35+00:00\",\"dateModified\":\"2026-03-02T06:46:35+00:00\",\"breadcrumb\":{\"@id\":\"https:\\\/\\\/www.bestlaser.pl\\\/index.php\\\/produkt\\\/laser-aleksandrytowy\\\/#breadcrumb\"},\"inLanguage\":\"pl-PL\",\"potentialAction\":[{\"@type\":\"ReadAction\",\"target\":[\"https:\\\/\\\/www.bestlaser.pl\\\/index.php\\\/produkt\\\/laser-aleksandrytowy\\\/\"]}]},{\"@type\":\"ImageObject\",\"inLanguage\":\"pl-PL\",\"@id\":\"https:\\\/\\\/www.bestlaser.pl\\\/index.php\\\/produkt\\\/laser-aleksandrytowy\\\/#primaryimage\",\"url\":\"https:\\\/\\\/www.bestlaser.pl\\\/wp-content\\\/uploads\\\/2025\\\/09\\\/10.jpg\",\"contentUrl\":\"https:\\\/\\\/www.bestlaser.pl\\\/wp-content\\\/uploads\\\/2025\\\/09\\\/10.jpg\",\"width\":900,\"height\":1050},{\"@type\":\"BreadcrumbList\",\"@id\":\"https:\\\/\\\/www.bestlaser.pl\\\/index.php\\\/produkt\\\/laser-aleksandrytowy\\\/#breadcrumb\",\"itemListElement\":[{\"@type\":\"ListItem\",\"position\":1,\"name\":\"Strona g\u0142\u00f3wna\",\"item\":\"https:\\\/\\\/www.bestlaser.pl\\\/\"},{\"@type\":\"ListItem\",\"position\":2,\"name\":\"&#8221;BEST &#8211; LASER&#8221; najlepsze z najlepszych\",\"item\":\"https:\\\/\\\/www.bestlaser.pl\\\/\"},{\"@type\":\"ListItem\",\"position\":3,\"name\":\"Laser Aleksandrytowy\"}]},{\"@type\":\"WebSite\",\"@id\":\"https:\\\/\\\/www.bestlaser.pl\\\/#website\",\"url\":\"https:\\\/\\\/www.bestlaser.pl\\\/\",\"name\":\"URZ\u0104DZENIA KOSMETYCZNE\",\"description\":\"\",\"potentialAction\":[{\"@type\":\"SearchAction\",\"target\":{\"@type\":\"EntryPoint\",\"urlTemplate\":\"https:\\\/\\\/www.bestlaser.pl\\\/?s={search_term_string}\"},\"query-input\":{\"@type\":\"PropertyValueSpecification\",\"valueRequired\":true,\"valueName\":\"search_term_string\"}}],\"inLanguage\":\"pl-PL\"}]}<\/script>\n<!-- \/ Yoast SEO plugin. -->","yoast_head_json":{"title":"Laser Aleksandrytowy -","robots":{"index":"index","follow":"follow","max-snippet":"max-snippet:-1","max-image-preview":"max-image-preview:large","max-video-preview":"max-video-preview:-1"},"canonical":"https:\/\/www.bestlaser.pl\/index.php\/produkt\/laser-aleksandrytowy\/","og_locale":"pl_PL","og_type":"article","og_title":"Laser Aleksandrytowy -","og_description":"Przedstawiamy najnowszej generacji Laser Aleksandrytowy z laserem Nd Yag, kt\u00f3ry wprowadza rewolucj\u0119 w \u015bwiecie medycyny estetycznej. Innowacyjne rozwi\u0105zanie, kt\u00f3re wyznacza nowe standardy w usuwanieu w\u0142os\u00f3w oraz usuwaniu zmian naczyniowych: paj\u0105czki i naczynia krwiono\u015bne, punkty rubinowe, naczyniaki gwia\u017adziste, rumie\u0144, teleangiektazje. Niezawodno\u015b\u0107 i d\u0142ugi okres eksploatacji zapewnia najwy\u017cszy standard klasy PREMIUM.","og_url":"https:\/\/www.bestlaser.pl\/index.php\/produkt\/laser-aleksandrytowy\/","article_modified_time":"2026-03-02T06:46:35+00:00","og_image":[{"width":900,"height":1050,"url":"https:\/\/www.bestlaser.pl\/wp-content\/uploads\/2025\/09\/10.jpg","type":"image\/jpeg"}],"twitter_card":"summary_large_image","twitter_misc":{"Szacowany czas czytania":"2 minuty"},"schema":{"@context":"https:\/\/schema.org","@graph":[{"@type":"WebPage","@id":"https:\/\/www.bestlaser.pl\/index.php\/produkt\/laser-aleksandrytowy\/","url":"https:\/\/www.bestlaser.pl\/index.php\/produkt\/laser-aleksandrytowy\/","name":"Laser Aleksandrytowy -","isPartOf":{"@id":"https:\/\/www.bestlaser.pl\/#website"},"primaryImageOfPage":{"@id":"https:\/\/www.bestlaser.pl\/index.php\/produkt\/laser-aleksandrytowy\/#primaryimage"},"image":{"@id":"https:\/\/www.bestlaser.pl\/index.php\/produkt\/laser-aleksandrytowy\/#primaryimage"},"thumbnailUrl":"https:\/\/www.bestlaser.pl\/wp-content\/uploads\/2025\/09\/10.jpg","datePublished":"2025-09-07T09:03:35+00:00","dateModified":"2026-03-02T06:46:35+00:00","breadcrumb":{"@id":"https:\/\/www.bestlaser.pl\/index.php\/produkt\/laser-aleksandrytowy\/#breadcrumb"},"inLanguage":"pl-PL","potentialAction":[{"@type":"ReadAction","target":["https:\/\/www.bestlaser.pl\/index.php\/produkt\/laser-aleksandrytowy\/"]}]},{"@type":"ImageObject","inLanguage":"pl-PL","@id":"https:\/\/www.bestlaser.pl\/index.php\/produkt\/laser-aleksandrytowy\/#primaryimage","url":"https:\/\/www.bestlaser.pl\/wp-content\/uploads\/2025\/09\/10.jpg","contentUrl":"https:\/\/www.bestlaser.pl\/wp-content\/uploads\/2025\/09\/10.jpg","width":900,"height":1050},{"@type":"BreadcrumbList","@id":"https:\/\/www.bestlaser.pl\/index.php\/produkt\/laser-aleksandrytowy\/#breadcrumb","itemListElement":[{"@type":"ListItem","position":1,"name":"Strona g\u0142\u00f3wna","item":"https:\/\/www.bestlaser.pl\/"},{"@type":"ListItem","position":2,"name":"&#8221;BEST &#8211; LASER&#8221; najlepsze z najlepszych","item":"https:\/\/www.bestlaser.pl\/"},{"@type":"ListItem","position":3,"name":"Laser Aleksandrytowy"}]},{"@type":"WebSite","@id":"https:\/\/www.bestlaser.pl\/#website","url":"https:\/\/www.bestlaser.pl\/","name":"URZ\u0104DZENIA KOSMETYCZNE","description":"","potentialAction":[{"@type":"SearchAction","target":{"@type":"EntryPoint","urlTemplate":"https:\/\/www.bestlaser.pl\/?s={search_term_string}"},"query-input":{"@type":"PropertyValueSpecification","valueRequired":true,"valueName":"search_term_string"}}],"inLanguage":"pl-PL"}]}},"_links":{"self":[{"href":"https:\/\/www.bestlaser.pl\/index.php\/wp-json\/wp\/v2\/product\/1269","targetHints":{"allow":["GET"]}}],"collection":[{"href":"https:\/\/www.bestlaser.pl\/index.php\/wp-json\/wp\/v2\/product"}],"about":[{"href":"https:\/\/www.bestlaser.pl\/index.php\/wp-json\/wp\/v2\/types\/product"}],"replies":[{"embeddable":true,"href":"https:\/\/www.bestlaser.pl\/index.php\/wp-json\/wp\/v2\/comments?post=1269"}],"wp:featuredmedia":[{"embeddable":true,"href":"https:\/\/www.bestlaser.pl\/index.php\/wp-json\/wp\/v2\/media\/1303"}],"wp:attachment":[{"href":"https:\/\/www.bestlaser.pl\/index.php\/wp-json\/wp\/v2\/media?parent=1269"}],"wp:term":[{"taxonomy":"product_brand","embeddable":true,"href":"https:\/\/www.bestlaser.pl\/index.php\/wp-json\/wp\/v2\/product_brand?post=1269"},{"taxonomy":"product_cat","embeddable":true,"href":"https:\/\/www.bestlaser.pl\/index.php\/wp-json\/wp\/v2\/product_cat?post=1269"},{"taxonomy":"product_tag","embeddable":true,"href":"https:\/\/www.bestlaser.pl\/index.php\/wp-json\/wp\/v2\/product_tag?post=1269"}],"curies":[{"name":"wp","href":"https:\/\/api.w.org\/{rel}","templated":true}]}}